{"id":23598,"date":"2024-09-09T23:08:41","date_gmt":"2024-09-09T23:08:41","guid":{"rendered":"https:\/\/tusa.viewsite.link\/product\/travel-right-fin\/"},"modified":"2024-09-09T23:08:41","modified_gmt":"2024-09-09T23:08:41","slug":"travel-right-fin","status":"publish","type":"product","link":"https:\/\/tusa.viewsite.link\/de\/produkt\/travel-right-fin\/","title":{"rendered":"Travel Right Fin"},"content":{"rendered":"<p>Die neue Travel Right Fin von TUSA ist die neueste Erg\u00e4nzung zu unserer Tauchausr\u00fcstung. Leicht und ideal f\u00fcr Reisende.  Dieses kompakte Design ist ultrasoft und daf\u00fcr gedacht, barfu\u00df getragen zu werden.<\/p>\n<p>&nbsp;<\/p>\n<p><strong>Abmessungen:<\/strong><\/p>\n","protected":false},"excerpt":{"rendered":"<p>Die neue Travel Right Fin von TUSA ist die neueste Erg\u00e4nzung zu unserer Tauchausr\u00fcstung. Leicht und ideal f\u00fcr Reisende. <\/p>\n","protected":false},"featured_media":23609,"comment_status":"closed","ping_status":"closed","template":"","meta":{"_acf_changed":false},"product_cat":[525],"product_tag":[],"class_list":{"0":"post-23598","1":"product","2":"type-product","3":"status-publish","4":"has-post-thumbnail","6":"product_cat-flossen","8":"first","9":"instock","10":"purchasable","11":"product-type-variable"},"acf":[],"_links":{"self":[{"href":"https:\/\/tusa.viewsite.link\/de\/wp-json\/wp\/v2\/product\/23598","targetHints":{"allow":["GET"]}}],"collection":[{"href":"https:\/\/tusa.viewsite.link\/de\/wp-json\/wp\/v2\/product"}],"about":[{"href":"https:\/\/tusa.viewsite.link\/de\/wp-json\/wp\/v2\/types\/product"}],"replies":[{"embeddable":true,"href":"https:\/\/tusa.viewsite.link\/de\/wp-json\/wp\/v2\/comments?post=23598"}],"wp:featuredmedia":[{"embeddable":true,"href":"https:\/\/tusa.viewsite.link\/de\/wp-json\/wp\/v2\/media\/23609"}],"wp:attachment":[{"href":"https:\/\/tusa.viewsite.link\/de\/wp-json\/wp\/v2\/media?parent=23598"}],"wp:term":[{"taxonomy":"product_cat","embeddable":true,"href":"https:\/\/tusa.viewsite.link\/de\/wp-json\/wp\/v2\/product_cat?post=23598"},{"taxonomy":"product_tag","embeddable":true,"href":"https:\/\/tusa.viewsite.link\/de\/wp-json\/wp\/v2\/product_tag?post=23598"}],"curies":[{"name":"wp","href":"https:\/\/api.w.org\/{rel}","templated":true}]}}