{"id":23558,"date":"2024-09-09T23:08:41","date_gmt":"2024-09-09T23:08:41","guid":{"rendered":"https:\/\/tusa.viewsite.link\/product\/hyflex-zoom-flosse\/"},"modified":"2024-09-09T23:08:41","modified_gmt":"2024-09-09T23:08:41","slug":"hyflex-zoom-flosse","status":"publish","type":"product","link":"https:\/\/tusa.viewsite.link\/de\/produkt\/hyflex-zoom-flosse\/","title":{"rendered":"HyFlex Zoom Flosse"},"content":{"rendered":"<p>Die geteilte Flosse und die Sechs-Kiemen-Funktion der HyflexZoom-Flossen erm\u00f6glichen ein widerstandsarmes Erlebnis mit Propellertechnologie und abgewinkeltem Blattdesign f\u00fcr ultimative Leistung. Sie ist bis zu 5 Gr\u00f6\u00dfen verstellbar, um Komfort zu gew\u00e4hrleisten, und kann mit verschiedenen Bl\u00e4ttern ausgetauscht werden. <\/p>\n<p>&nbsp;<\/p>\n<p><strong>Abmessungen:<\/strong><\/p>\n","protected":false},"excerpt":{"rendered":"<p>Die geteilte Flosse und die Sechs-Kiemen-Funktion der HyflexZoom-Flossen erm\u00f6glichen ein widerstandsarmes Erlebnis.<\/p>\n","protected":false},"featured_media":23560,"comment_status":"closed","ping_status":"closed","template":"","meta":{"_acf_changed":false},"product_cat":[525],"product_tag":[],"class_list":{"0":"post-23558","1":"product","2":"type-product","3":"status-publish","4":"has-post-thumbnail","6":"product_cat-flossen","8":"first","9":"instock","10":"purchasable","11":"product-type-variable"},"acf":[],"_links":{"self":[{"href":"https:\/\/tusa.viewsite.link\/de\/wp-json\/wp\/v2\/product\/23558","targetHints":{"allow":["GET"]}}],"collection":[{"href":"https:\/\/tusa.viewsite.link\/de\/wp-json\/wp\/v2\/product"}],"about":[{"href":"https:\/\/tusa.viewsite.link\/de\/wp-json\/wp\/v2\/types\/product"}],"replies":[{"embeddable":true,"href":"https:\/\/tusa.viewsite.link\/de\/wp-json\/wp\/v2\/comments?post=23558"}],"wp:featuredmedia":[{"embeddable":true,"href":"https:\/\/tusa.viewsite.link\/de\/wp-json\/wp\/v2\/media\/23560"}],"wp:attachment":[{"href":"https:\/\/tusa.viewsite.link\/de\/wp-json\/wp\/v2\/media?parent=23558"}],"wp:term":[{"taxonomy":"product_cat","embeddable":true,"href":"https:\/\/tusa.viewsite.link\/de\/wp-json\/wp\/v2\/product_cat?post=23558"},{"taxonomy":"product_tag","embeddable":true,"href":"https:\/\/tusa.viewsite.link\/de\/wp-json\/wp\/v2\/product_tag?post=23558"}],"curies":[{"name":"wp","href":"https:\/\/api.w.org\/{rel}","templated":true}]}}