{"id":23539,"date":"2024-09-09T23:08:22","date_gmt":"2024-09-09T23:08:22","guid":{"rendered":"https:\/\/tusa.viewsite.link\/product\/rs-790-regulator\/"},"modified":"2024-09-09T23:08:22","modified_gmt":"2024-09-09T23:08:22","slug":"rs-790-regulator","status":"publish","type":"product","link":"https:\/\/tusa.viewsite.link\/de\/produkt\/rs-790-regulator\/","title":{"rendered":"RS-790 Regulator"},"content":{"rendered":"<p>Der RS-790 Atemregler ist ein weiterer Beweis f\u00fcr das Engagement von TUSA f\u00fcr Hochleistungs-Tauchausr\u00fcstung. Dieser mit viel Liebe zum Detail gefertigte Atemregler bietet unschlagbare Zuverl\u00e4ssigkeit, selbst unter den schwierigsten Tauchbedingungen. Mit seinem innovativen Design, das seine Konkurrenten \u00fcbertrifft, ist der RS-790 der perfekte Begleiter f\u00fcr alle, die gerne die Unterwasserwelt erkunden.  <\/p>\n<p>&nbsp;<\/p>\n<p><strong>Abmessungen:<\/strong><\/p>\n","protected":false},"excerpt":{"rendered":"<p>Der RS-790 bietet Leistung, Haltbarkeit und Komfort und ist damit die ideale Wahl f\u00fcr anspruchsvolle Taucher.<\/p>\n","protected":false},"featured_media":23540,"comment_status":"closed","ping_status":"closed","template":"","meta":{"_acf_changed":false},"product_cat":[530],"product_tag":[],"class_list":{"0":"post-23539","1":"product","2":"type-product","3":"status-publish","4":"has-post-thumbnail","6":"product_cat-regulierungsbehorden","8":"first","9":"instock","10":"purchasable","11":"product-type-variable"},"acf":[],"_links":{"self":[{"href":"https:\/\/tusa.viewsite.link\/de\/wp-json\/wp\/v2\/product\/23539","targetHints":{"allow":["GET"]}}],"collection":[{"href":"https:\/\/tusa.viewsite.link\/de\/wp-json\/wp\/v2\/product"}],"about":[{"href":"https:\/\/tusa.viewsite.link\/de\/wp-json\/wp\/v2\/types\/product"}],"replies":[{"embeddable":true,"href":"https:\/\/tusa.viewsite.link\/de\/wp-json\/wp\/v2\/comments?post=23539"}],"wp:featuredmedia":[{"embeddable":true,"href":"https:\/\/tusa.viewsite.link\/de\/wp-json\/wp\/v2\/media\/23540"}],"wp:attachment":[{"href":"https:\/\/tusa.viewsite.link\/de\/wp-json\/wp\/v2\/media?parent=23539"}],"wp:term":[{"taxonomy":"product_cat","embeddable":true,"href":"https:\/\/tusa.viewsite.link\/de\/wp-json\/wp\/v2\/product_cat?post=23539"},{"taxonomy":"product_tag","embeddable":true,"href":"https:\/\/tusa.viewsite.link\/de\/wp-json\/wp\/v2\/product_tag?post=23539"}],"curies":[{"name":"wp","href":"https:\/\/api.w.org\/{rel}","templated":true}]}}