{"id":23470,"date":"2024-09-09T23:08:22","date_gmt":"2024-09-09T23:08:22","guid":{"rendered":"https:\/\/tusa.viewsite.link\/product\/ino-maske\/"},"modified":"2024-09-09T23:08:22","modified_gmt":"2024-09-09T23:08:22","slug":"ino-maske","status":"publish","type":"product","link":"https:\/\/tusa.viewsite.link\/de\/produkt\/ino-maske\/","title":{"rendered":"Ino Maske"},"content":{"rendered":"<p>Die Ino-Maske wurde speziell f\u00fcr Abenteurer mit zierlichen Gesichtern entwickelt. Diese One-Window-Maske ist Ihr Pass f\u00fcr eine faszinierende Unterwasser-Expedition. Dank des flachen Designs haben Sie das Gef\u00fchl, buchst\u00e4blich Teil der Unterwasserwelt zu sein. Und warum? Weil sich die Linse n\u00e4her an Ihr Gesicht schmiegt und so ein weites Sichtfeld bietet. Kein Fisch kann Ihrem Blick entgehen!    <\/p>\n<p>&nbsp;<\/p>\n<p><strong>Abmessungen:<\/strong><\/p>\n<p>Innenvolumen: 11,9 ci \/ 195cc<br \/>\n Rahmenabmessungen: 3.3 in x 6.0 in \/ 84mm \u00d7 154mm<br \/>\n Einbauma\u00dfe: 4.1 in x 4.7 in \/ 105mm x 120mm<br \/>\n Gewicht: 6.9 oz \/ 197.5g<\/p>\n","protected":false},"excerpt":{"rendered":"<p>Die Ino Maske ist mit ihrem One-Window-Design, dem breiten Sichtfeld und der geringen Lautst\u00e4rke ideal f\u00fcr kleinere Gesichter. I <\/p>\n","protected":false},"featured_media":23473,"comment_status":"closed","ping_status":"closed","template":"","meta":{"_acf_changed":false},"product_cat":[524],"product_tag":[],"class_list":{"0":"post-23470","1":"product","2":"type-product","3":"status-publish","4":"has-post-thumbnail","6":"product_cat-masken","8":"first","9":"instock","10":"purchasable","11":"product-type-variable"},"acf":[],"_links":{"self":[{"href":"https:\/\/tusa.viewsite.link\/de\/wp-json\/wp\/v2\/product\/23470","targetHints":{"allow":["GET"]}}],"collection":[{"href":"https:\/\/tusa.viewsite.link\/de\/wp-json\/wp\/v2\/product"}],"about":[{"href":"https:\/\/tusa.viewsite.link\/de\/wp-json\/wp\/v2\/types\/product"}],"replies":[{"embeddable":true,"href":"https:\/\/tusa.viewsite.link\/de\/wp-json\/wp\/v2\/comments?post=23470"}],"wp:featuredmedia":[{"embeddable":true,"href":"https:\/\/tusa.viewsite.link\/de\/wp-json\/wp\/v2\/media\/23473"}],"wp:attachment":[{"href":"https:\/\/tusa.viewsite.link\/de\/wp-json\/wp\/v2\/media?parent=23470"}],"wp:term":[{"taxonomy":"product_cat","embeddable":true,"href":"https:\/\/tusa.viewsite.link\/de\/wp-json\/wp\/v2\/product_cat?post=23470"},{"taxonomy":"product_tag","embeddable":true,"href":"https:\/\/tusa.viewsite.link\/de\/wp-json\/wp\/v2\/product_tag?post=23470"}],"curies":[{"name":"wp","href":"https:\/\/api.w.org\/{rel}","templated":true}]}}