{"id":23448,"date":"2024-09-09T23:08:41","date_gmt":"2024-09-09T23:08:41","guid":{"rendered":"https:\/\/tusa.viewsite.link\/product\/platina-serie-handgelenkkompass\/"},"modified":"2024-09-09T23:08:41","modified_gmt":"2024-09-09T23:08:41","slug":"platina-serie-handgelenkkompass","status":"publish","type":"product","link":"https:\/\/tusa.viewsite.link\/de\/produkt\/platina-serie-handgelenkkompass\/","title":{"rendered":"Platina Serie Handgelenkkompass"},"content":{"rendered":"<p>Der SCA-160 ist ein kompakter Kompass f\u00fcr das Handgelenk in einer robusten Tasche mit Riemen. Der Kompass verf\u00fcgt \u00fcber eine abschlie\u00dfbare L\u00fcnette mit einem Seitenfenster zum einfachen Ablesen. <\/p>\n<p>&nbsp;<\/p>\n<p><strong>Abmessungen:<\/strong><\/p>\n","protected":false},"excerpt":{"rendered":"<p>Der SCA-160 ist ein kompakter Kompass f\u00fcr das Handgelenk in einer robusten Tasche mit Riemen. Der Kompass verf\u00fcgt \u00fcber eine abschlie\u00dfbare L\u00fcnette mit einem Seitenfenster zum einfachen Ablesen. <\/p>\n","protected":false},"featured_media":23450,"comment_status":"closed","ping_status":"closed","template":"","meta":{"_acf_changed":false},"product_cat":[528],"product_tag":[],"class_list":{"0":"post-23448","1":"product","2":"type-product","3":"status-publish","4":"has-post-thumbnail","6":"product_cat-instrumente","8":"first","9":"instock","10":"purchasable","11":"product-type-variable"},"acf":[],"_links":{"self":[{"href":"https:\/\/tusa.viewsite.link\/de\/wp-json\/wp\/v2\/product\/23448","targetHints":{"allow":["GET"]}}],"collection":[{"href":"https:\/\/tusa.viewsite.link\/de\/wp-json\/wp\/v2\/product"}],"about":[{"href":"https:\/\/tusa.viewsite.link\/de\/wp-json\/wp\/v2\/types\/product"}],"replies":[{"embeddable":true,"href":"https:\/\/tusa.viewsite.link\/de\/wp-json\/wp\/v2\/comments?post=23448"}],"wp:featuredmedia":[{"embeddable":true,"href":"https:\/\/tusa.viewsite.link\/de\/wp-json\/wp\/v2\/media\/23450"}],"wp:attachment":[{"href":"https:\/\/tusa.viewsite.link\/de\/wp-json\/wp\/v2\/media?parent=23448"}],"wp:term":[{"taxonomy":"product_cat","embeddable":true,"href":"https:\/\/tusa.viewsite.link\/de\/wp-json\/wp\/v2\/product_cat?post=23448"},{"taxonomy":"product_tag","embeddable":true,"href":"https:\/\/tusa.viewsite.link\/de\/wp-json\/wp\/v2\/product_tag?post=23448"}],"curies":[{"name":"wp","href":"https:\/\/api.w.org\/{rel}","templated":true}]}}