{"id":23431,"date":"2024-09-09T23:08:41","date_gmt":"2024-09-09T23:08:41","guid":{"rendered":"https:\/\/tusa.viewsite.link\/product\/platina-analog-spg-konsole\/"},"modified":"2024-09-09T23:08:41","modified_gmt":"2024-09-09T23:08:41","slug":"platina-analog-spg-konsole","status":"publish","type":"product","link":"https:\/\/tusa.viewsite.link\/de\/produkt\/platina-analog-spg-konsole\/","title":{"rendered":"Platina Analog SPG Konsole"},"content":{"rendered":"<p>Der SCA-270 ist eine neu gestaltete Kompass- und Druckmesserkonsole, die eine ideale Erg\u00e4nzung zu einem Handgelenk-Tauchcomputer wie dem IQ-650, IQ-750 oder IQ-900 darstellt. Die Konsole liefert kontinuierlich Luftdruck, Temperatur und Navigationsrichtung in einem einfach abzulesenden Format. Der SCA-270 ist leicht und effizient. Er verf\u00fcgt \u00fcber einen Kompass f\u00fcr die Draufsicht und die Seitenansicht auf der Konsole und wird nach den strengen Qualit\u00e4ts- und Leistungsstandards von TUSA entwickelt und hergestellt.  <\/p>\n<p>&nbsp;<\/p>\n<p><strong>Abmessungen:<\/strong><\/p>\n<p>Abmessungen: 6.9 in x 2.8 in<br \/>\n 175 mm x 70 mm<\/p>\n","protected":false},"excerpt":{"rendered":"<p>Der SCA-270 ist eine neu gestaltete Kompass- und Druckmesserkonsole, die eine ideale Erg\u00e4nzung zu einem Tauchcomputer f\u00fcr das Handgelenk wie dem IQ-650, IQ-750 oder IQ-900 darstellt.<\/p>\n","protected":false},"featured_media":23444,"comment_status":"closed","ping_status":"closed","template":"","meta":{"_acf_changed":false},"product_cat":[528],"product_tag":[],"class_list":{"0":"post-23431","1":"product","2":"type-product","3":"status-publish","4":"has-post-thumbnail","6":"product_cat-instrumente","8":"first","9":"instock","10":"purchasable","11":"product-type-variable"},"acf":[],"_links":{"self":[{"href":"https:\/\/tusa.viewsite.link\/de\/wp-json\/wp\/v2\/product\/23431","targetHints":{"allow":["GET"]}}],"collection":[{"href":"https:\/\/tusa.viewsite.link\/de\/wp-json\/wp\/v2\/product"}],"about":[{"href":"https:\/\/tusa.viewsite.link\/de\/wp-json\/wp\/v2\/types\/product"}],"replies":[{"embeddable":true,"href":"https:\/\/tusa.viewsite.link\/de\/wp-json\/wp\/v2\/comments?post=23431"}],"wp:featuredmedia":[{"embeddable":true,"href":"https:\/\/tusa.viewsite.link\/de\/wp-json\/wp\/v2\/media\/23444"}],"wp:attachment":[{"href":"https:\/\/tusa.viewsite.link\/de\/wp-json\/wp\/v2\/media?parent=23431"}],"wp:term":[{"taxonomy":"product_cat","embeddable":true,"href":"https:\/\/tusa.viewsite.link\/de\/wp-json\/wp\/v2\/product_cat?post=23431"},{"taxonomy":"product_tag","embeddable":true,"href":"https:\/\/tusa.viewsite.link\/de\/wp-json\/wp\/v2\/product_tag?post=23431"}],"curies":[{"name":"wp","href":"https:\/\/api.w.org\/{rel}","templated":true}]}}