{"id":23430,"date":"2024-09-09T23:08:22","date_gmt":"2024-09-09T23:08:22","guid":{"rendered":"https:\/\/tusa.viewsite.link\/product\/zensee-maske\/"},"modified":"2024-09-09T23:08:22","modified_gmt":"2024-09-09T23:08:22","slug":"zensee-maske","status":"publish","type":"product","link":"https:\/\/tusa.viewsite.link\/de\/produkt\/zensee-maske\/","title":{"rendered":"Zensee Maske"},"content":{"rendered":"<p>Die erste rahmenlose Tauchmaske von Tusa mit innovativer Technologie, Panoramablick und leichtem Design. 3D SYNQ: Ein einzigartiger Anpassungsring, der in das Maskengeh\u00e4use integriert ist und eine ideale Passform f\u00fcr alle Gesichtsformen bietet. Dank dieser Technologie passt sich das Maskengeh\u00e4use allen Gesichtsformen an und sorgt so f\u00fcr eine ideale Passform, Abdichtung und Unterwassererfahrung. Swift Buckle 3D: Eine neue, flache Schnalle und ein Maskenband, die sich m\u00fchelos anpassen lassen. Tusa hat die perfekte Schnalle und das perfekte Maskenband entwickelt. Die NEUE Low-Profile-Schnalle ist schlank und leicht. Die Schnalle und das Maskenband sind leise und m\u00fchelos verstellbar.      <\/p>\n<p>&nbsp;<\/p>\n<p><strong>Abmessungen:<\/strong><\/p>\n<p>Innenvolumen: 13.1 ci \/ 215 cc<br \/>\n Rahmenabmessungen: 3.6 in x 6.5 in \/ 91 mm \u00d7 166 mm<br \/>\n Armaturenabmessungen: 4.5 in x 5.2 in \/ 113.5 mm \u00d7 133 mm<br \/>\n Gewicht: 7.6 oz \/ 214 g<\/p>\n","protected":false},"excerpt":{"rendered":"<p>Die erste rahmenlose Tauchmaske von TUSA, komplett mit unserer innovativen Technologie, Panoramasicht und leichtem Design.<\/p>\n","protected":false},"featured_media":23432,"comment_status":"closed","ping_status":"closed","template":"","meta":{"_acf_changed":false},"product_cat":[524],"product_tag":[],"class_list":{"0":"post-23430","1":"product","2":"type-product","3":"status-publish","4":"has-post-thumbnail","6":"product_cat-masken","8":"first","9":"instock","10":"purchasable","11":"product-type-variable"},"acf":[],"_links":{"self":[{"href":"https:\/\/tusa.viewsite.link\/de\/wp-json\/wp\/v2\/product\/23430","targetHints":{"allow":["GET"]}}],"collection":[{"href":"https:\/\/tusa.viewsite.link\/de\/wp-json\/wp\/v2\/product"}],"about":[{"href":"https:\/\/tusa.viewsite.link\/de\/wp-json\/wp\/v2\/types\/product"}],"replies":[{"embeddable":true,"href":"https:\/\/tusa.viewsite.link\/de\/wp-json\/wp\/v2\/comments?post=23430"}],"wp:featuredmedia":[{"embeddable":true,"href":"https:\/\/tusa.viewsite.link\/de\/wp-json\/wp\/v2\/media\/23432"}],"wp:attachment":[{"href":"https:\/\/tusa.viewsite.link\/de\/wp-json\/wp\/v2\/media?parent=23430"}],"wp:term":[{"taxonomy":"product_cat","embeddable":true,"href":"https:\/\/tusa.viewsite.link\/de\/wp-json\/wp\/v2\/product_cat?post=23430"},{"taxonomy":"product_tag","embeddable":true,"href":"https:\/\/tusa.viewsite.link\/de\/wp-json\/wp\/v2\/product_tag?post=23430"}],"curies":[{"name":"wp","href":"https:\/\/api.w.org\/{rel}","templated":true}]}}