{"id":23371,"date":"2024-09-09T23:08:00","date_gmt":"2024-09-09T23:08:00","guid":{"rendered":"https:\/\/tusa.viewsite.link\/product\/freedom-elite-maske\/"},"modified":"2024-09-09T23:08:00","modified_gmt":"2024-09-09T23:08:00","slug":"freedom-elite-maske","status":"publish","type":"product","link":"https:\/\/tusa.viewsite.link\/de\/produkt\/freedom-elite-maske\/","title":{"rendered":"Freedom Elite Maske"},"content":{"rendered":"<p>Die Freedom Elite hat ein einziges Glas aus geh\u00e4rtetem Glas, das eine klare, weite Sicht auf die Unterwasserwelt bietet. Die Freedom-Technologie ist eine Reihe von revolution\u00e4ren Merkmalen, die f\u00fcr eine bessere Passform, mehr Komfort und eine h\u00f6here Leistung der TUSA-Masken sorgen. Die Masken der Freedom-Modelle verf\u00fcgen \u00fcber eine genoppte Sch\u00fcrzenoberfl\u00e4che mit unterschiedlichen Silikondicken und Stabilit\u00e4tsrippen sowie eine propriet\u00e4re, reibungsarme, doppelt gefiederte Sch\u00fcrzenoberfl\u00e4che an der Passformlinie.  <\/p>\n<p>&nbsp;<\/p>\n<p><strong>Abmessungen:<\/strong><\/p>\n<p>Innenvolumen: 13.4 ci \/ 220 cc<br \/>\n Rahmenabmessungen: 3.7 in x 6.3 in \/ 95 mm x 161 mm<br \/>\n Armaturenabmessungen: 4.4 in x 5.1 in \/ 113 mm x 130 mm<br \/>\n Gewicht: 8.2 oz \/ 233 g<\/p>\n","protected":false},"excerpt":{"rendered":"<p>Die Freedom Elite hat ein einziges Objektiv, das einen klaren, weiten Blick auf die Unterwasserwelt bietet.<\/p>\n","protected":false},"featured_media":23373,"comment_status":"closed","ping_status":"closed","template":"","meta":{"_acf_changed":false},"product_cat":[524],"product_tag":[],"class_list":{"0":"post-23371","1":"product","2":"type-product","3":"status-publish","4":"has-post-thumbnail","6":"product_cat-masken","8":"first","9":"instock","10":"purchasable","11":"product-type-variable"},"acf":[],"_links":{"self":[{"href":"https:\/\/tusa.viewsite.link\/de\/wp-json\/wp\/v2\/product\/23371","targetHints":{"allow":["GET"]}}],"collection":[{"href":"https:\/\/tusa.viewsite.link\/de\/wp-json\/wp\/v2\/product"}],"about":[{"href":"https:\/\/tusa.viewsite.link\/de\/wp-json\/wp\/v2\/types\/product"}],"replies":[{"embeddable":true,"href":"https:\/\/tusa.viewsite.link\/de\/wp-json\/wp\/v2\/comments?post=23371"}],"wp:featuredmedia":[{"embeddable":true,"href":"https:\/\/tusa.viewsite.link\/de\/wp-json\/wp\/v2\/media\/23373"}],"wp:attachment":[{"href":"https:\/\/tusa.viewsite.link\/de\/wp-json\/wp\/v2\/media?parent=23371"}],"wp:term":[{"taxonomy":"product_cat","embeddable":true,"href":"https:\/\/tusa.viewsite.link\/de\/wp-json\/wp\/v2\/product_cat?post=23371"},{"taxonomy":"product_tag","embeddable":true,"href":"https:\/\/tusa.viewsite.link\/de\/wp-json\/wp\/v2\/product_tag?post=23371"}],"curies":[{"name":"wp","href":"https:\/\/api.w.org\/{rel}","templated":true}]}}