{"id":23348,"date":"2024-09-09T23:08:00","date_gmt":"2024-09-09T23:08:00","guid":{"rendered":"https:\/\/tusa.viewsite.link\/product\/dc-solar-link-tauchcomputer\/"},"modified":"2024-09-09T23:08:00","modified_gmt":"2024-09-09T23:08:00","slug":"dc-solar-link-tauchcomputer","status":"publish","type":"product","link":"https:\/\/tusa.viewsite.link\/de\/produkt\/dc-solar-link-tauchcomputer\/","title":{"rendered":"DC Solar Link Tauchcomputer"},"content":{"rendered":"<p>Der TUSA IQ1204 DC Solar Link Tauchcomputer ist die n\u00e4chste Generation der solarbetriebenen Ger\u00e4te von TUSA. Zu den Merkmalen geh\u00f6ren: \u00dcbertragung von Tauchprotokollen auf ein Smartphone oder Tablet mit Bluetooth\u00ae SMART-Technologie; Aufladen durch Solarenergie, so dass kein Batteriewechsel erforderlich ist; Unterst\u00fctzung von 4-Mix-Gasen; Freitauchmodus und eine werkseitig versiegelte und robuste Konstruktion, die \u00dcberschwemmungen verhindert. <\/p>\n<p>&nbsp;<\/p>\n<p><strong>Abmessungen:<\/strong><\/p>\n","protected":false},"excerpt":{"rendered":"<p>Der TUSA IQ1204 DC Solar Link Tauchcomputer ist die n\u00e4chste Generation der solarbetriebenen Ger\u00e4te von TUSA.<\/p>\n","protected":false},"featured_media":23350,"comment_status":"closed","ping_status":"closed","template":"","meta":{"_acf_changed":false},"product_cat":[528],"product_tag":[],"class_list":{"0":"post-23348","1":"product","2":"type-product","3":"status-publish","4":"has-post-thumbnail","6":"product_cat-instrumente","8":"first","9":"instock","10":"purchasable","11":"product-type-variable"},"acf":[],"_links":{"self":[{"href":"https:\/\/tusa.viewsite.link\/de\/wp-json\/wp\/v2\/product\/23348","targetHints":{"allow":["GET"]}}],"collection":[{"href":"https:\/\/tusa.viewsite.link\/de\/wp-json\/wp\/v2\/product"}],"about":[{"href":"https:\/\/tusa.viewsite.link\/de\/wp-json\/wp\/v2\/types\/product"}],"replies":[{"embeddable":true,"href":"https:\/\/tusa.viewsite.link\/de\/wp-json\/wp\/v2\/comments?post=23348"}],"wp:featuredmedia":[{"embeddable":true,"href":"https:\/\/tusa.viewsite.link\/de\/wp-json\/wp\/v2\/media\/23350"}],"wp:attachment":[{"href":"https:\/\/tusa.viewsite.link\/de\/wp-json\/wp\/v2\/media?parent=23348"}],"wp:term":[{"taxonomy":"product_cat","embeddable":true,"href":"https:\/\/tusa.viewsite.link\/de\/wp-json\/wp\/v2\/product_cat?post=23348"},{"taxonomy":"product_tag","embeddable":true,"href":"https:\/\/tusa.viewsite.link\/de\/wp-json\/wp\/v2\/product_tag?post=23348"}],"curies":[{"name":"wp","href":"https:\/\/api.w.org\/{rel}","templated":true}]}}