{"id":23327,"date":"2024-09-09T23:08:00","date_gmt":"2024-09-09T23:08:00","guid":{"rendered":"https:\/\/tusa.viewsite.link\/product\/zensee-maske-mit-stoffband\/"},"modified":"2024-09-09T23:08:00","modified_gmt":"2024-09-09T23:08:00","slug":"zensee-maske-mit-stoffband","status":"publish","type":"product","link":"https:\/\/tusa.viewsite.link\/de\/produkt\/zensee-maske-mit-stoffband\/","title":{"rendered":"Zensee Maske mit Stoffband"},"content":{"rendered":"<p>Die erste rahmenlose Tauchmaske von TUSA, komplett mit unserer innovativen Technologie, Rundumsicht und leichtem Design. Das Maskenband aus Stoff verleiht dem Taucherlebnis ein neues Ma\u00df an Komfort. Der rutschfeste Griff und die einfache Verstellbarkeit sorgen f\u00fcr einen passgenauen Sitz am Hinterkopf. Die Schnorchelhalterung sorgt f\u00fcr einen sicheren Sitz.    Jetzt mit einem Stoffband.<\/p>\n<p>&nbsp;<\/p>\n<p><strong>Abmessungen:<\/strong><\/p>\n<p>Innenvolumen: 13.1 ci \/ 215 cc<br \/>\n Rahmenabmessungen: 3.6 in x 6.5 in \/ 91 mm \u00d7 166 mm<br \/>\n Armaturenabmessungen: 4.5 in x 5.2 in \/ 113.5 mm \u00d7 133 mm<br \/>\n Gewicht: 7.6 oz \/ 214 g<\/p>\n","protected":false},"excerpt":{"rendered":"<p>Die erste rahmenlose Tauchermaske von TUSA, komplett mit unserer innovativen Technologie, Panoramasicht und leichtem Design.<\/p>\n","protected":false},"featured_media":23329,"comment_status":"closed","ping_status":"closed","template":"","meta":{"_acf_changed":false},"product_cat":[524],"product_tag":[],"class_list":{"0":"post-23327","1":"product","2":"type-product","3":"status-publish","4":"has-post-thumbnail","6":"product_cat-masken","8":"first","9":"instock","10":"purchasable","11":"product-type-variable"},"acf":[],"_links":{"self":[{"href":"https:\/\/tusa.viewsite.link\/de\/wp-json\/wp\/v2\/product\/23327","targetHints":{"allow":["GET"]}}],"collection":[{"href":"https:\/\/tusa.viewsite.link\/de\/wp-json\/wp\/v2\/product"}],"about":[{"href":"https:\/\/tusa.viewsite.link\/de\/wp-json\/wp\/v2\/types\/product"}],"replies":[{"embeddable":true,"href":"https:\/\/tusa.viewsite.link\/de\/wp-json\/wp\/v2\/comments?post=23327"}],"wp:featuredmedia":[{"embeddable":true,"href":"https:\/\/tusa.viewsite.link\/de\/wp-json\/wp\/v2\/media\/23329"}],"wp:attachment":[{"href":"https:\/\/tusa.viewsite.link\/de\/wp-json\/wp\/v2\/media?parent=23327"}],"wp:term":[{"taxonomy":"product_cat","embeddable":true,"href":"https:\/\/tusa.viewsite.link\/de\/wp-json\/wp\/v2\/product_cat?post=23327"},{"taxonomy":"product_tag","embeddable":true,"href":"https:\/\/tusa.viewsite.link\/de\/wp-json\/wp\/v2\/product_tag?post=23327"}],"curies":[{"name":"wp","href":"https:\/\/api.w.org\/{rel}","templated":true}]}}