{"id":23243,"date":"2024-09-09T23:08:00","date_gmt":"2024-09-09T23:08:00","guid":{"rendered":"https:\/\/tusa.viewsite.link\/product\/freedom-hd-maske\/"},"modified":"2024-09-09T23:08:00","modified_gmt":"2024-09-09T23:08:00","slug":"freedom-hd-maske","status":"publish","type":"product","link":"https:\/\/tusa.viewsite.link\/de\/produkt\/freedom-hd-maske\/","title":{"rendered":"Freedom HD Maske"},"content":{"rendered":"<p>Die M1001 Freedom HD Maske ist das neueste Design von Freedom Technology. Es handelt sich um eine Einscheibenmaske mit einem unglaublich gro\u00dfen Sichtfeld.  Diese Maske verf\u00fcgt \u00fcber ein 180\u00b0-Rotationsschnallensystem, mit dem sie sich an verschiedene Gesichtsgr\u00f6\u00dfen anpassen l\u00e4sst und gleichzeitig ein niedriges Profil aufweist.  <br \/>[break]<\/p>\n<p><strong><u>Freiheitsschnalle [Pat. P]<\/u><\/strong><\/p>\n<p>Der Five (5) Angle Strap Adjustor l\u00e4sst sich um volle 180 Grad drehen und erm\u00f6glicht Mikroeinstellungen, die sich an unterschiedliche Kopfgr\u00f6\u00dfen anpassen und gleichzeitig den Druck auf das Gesicht reduzieren, einen optimalen Sitz gew\u00e4hrleisten und unn\u00f6tige Sch\u00e4den an der Schnalle verhindern.<\/p>\n<p><strong>5-stufige variable Riemenverstellung<\/strong><\/p>\n<p><img decoding=\"async\" src=\"\/popup\/images\/tusa-mask-freedom-buckle1.jpg\" class=\"img-responsive\"><br \/>Durch die Fixierung des Winkels des Gurtes in f\u00fcnf (5) Stufen links und rechts von der oberen bis zur unteren Position ist es m\u00f6glich, unterschiedliche Druckpunkte der Maskenabdichtung mikrozujustieren.<\/p>\n<p><strong>Vertikale Achsendrehung Funktion<\/strong><\/p>\n<p><img decoding=\"async\" src=\"\/popup\/images\/tusa-mask-freedom-buckle2.jpg\" class=\"img-responsive\"><br \/>Die Schnallen lassen sich nach innen und au\u00dfen bewegen, so dass sich die B\u00e4nder perfekt an Menschen mit gro\u00dfen oder kleinen Gesichtern anpassen. Die klappbaren Schnallen machen die Maske kompakt f\u00fcr den Transport. <\/p>\n<p><strong><u>Metallteile<\/u><\/strong><\/p>\n<p><img decoding=\"async\" src=\"\/popup\/images\/tusa-mask-metal1.jpg\" class=\"img-responsive\"><\/p>\n<p><img decoding=\"async\" src=\"\/popup\/images\/tusa-mask-metal2.jpg\" class=\"img-responsive\"><br \/>Edelstahl erm\u00f6glicht ein schlankes Design und bietet gleichzeitig Stabilit\u00e4t und Sicherheit.<\/p>\n<p>&nbsp;<\/p>\n<p><strong>Abmessungen:<\/strong><\/p>\n<p>Innenvolumen: 16.2 ci \/ 265 cc<\/p>\n<p> Rahmenabmessungen: 4.3 in x 6.8 in \/ 109 mm x 173 mm<\/p>\n<p> Abmessungen der Armaturen: 5.1 in x 5.0 in \/ 130 mm x 126 mm<\/p>\n<p> Gewicht: 9.5 oz \/ 270 g<\/p>\n","protected":false},"excerpt":{"rendered":"<p>Die M1001 Freedom HD Maske ist das neueste Design von Freedom Technology. Es handelt sich um eine Einscheibenmaske mit einem unglaublich gro\u00dfen Sichtfeld. <\/p>\n","protected":false},"featured_media":23248,"comment_status":"closed","ping_status":"closed","template":"","meta":{"_acf_changed":false},"product_cat":[524],"product_tag":[],"class_list":{"0":"post-23243","1":"product","2":"type-product","3":"status-publish","4":"has-post-thumbnail","6":"product_cat-masken","8":"first","9":"instock","10":"purchasable","11":"product-type-variable"},"acf":[],"_links":{"self":[{"href":"https:\/\/tusa.viewsite.link\/de\/wp-json\/wp\/v2\/product\/23243","targetHints":{"allow":["GET"]}}],"collection":[{"href":"https:\/\/tusa.viewsite.link\/de\/wp-json\/wp\/v2\/product"}],"about":[{"href":"https:\/\/tusa.viewsite.link\/de\/wp-json\/wp\/v2\/types\/product"}],"replies":[{"embeddable":true,"href":"https:\/\/tusa.viewsite.link\/de\/wp-json\/wp\/v2\/comments?post=23243"}],"wp:featuredmedia":[{"embeddable":true,"href":"https:\/\/tusa.viewsite.link\/de\/wp-json\/wp\/v2\/media\/23248"}],"wp:attachment":[{"href":"https:\/\/tusa.viewsite.link\/de\/wp-json\/wp\/v2\/media?parent=23243"}],"wp:term":[{"taxonomy":"product_cat","embeddable":true,"href":"https:\/\/tusa.viewsite.link\/de\/wp-json\/wp\/v2\/product_cat?post=23243"},{"taxonomy":"product_tag","embeddable":true,"href":"https:\/\/tusa.viewsite.link\/de\/wp-json\/wp\/v2\/product_tag?post=23243"}],"curies":[{"name":"wp","href":"https:\/\/api.w.org\/{rel}","templated":true}]}}