{"id":23234,"date":"2024-09-09T23:08:00","date_gmt":"2024-09-09T23:08:00","guid":{"rendered":"https:\/\/tusa.viewsite.link\/product\/imprex-3d-hyperdry-maske\/"},"modified":"2024-09-09T23:08:00","modified_gmt":"2024-09-09T23:08:00","slug":"imprex-3d-hyperdry-maske","status":"publish","type":"product","link":"https:\/\/tusa.viewsite.link\/de\/produkt\/imprex-3d-hyperdry-maske\/","title":{"rendered":"Imprex 3D Hyperdry Maske"},"content":{"rendered":"<p>Die M-32 Imprex 3D Hyperdry Maske ist eine Neuentwicklung der sehr beliebten TM-8000Q Imprex Hyperdry von TUSA, jedoch mit einigen wichtigen Verbesserungen. Die M-32 ist mit dem patentierten Hyperdry-System von TUSA ausgestattet, das eine einfache, unkomplizierte Reinigung der Maske mit einem einzigen Ausatmen erm\u00f6glicht. Dar\u00fcber hinaus verf\u00fcgt die Imprex 3D Hyperdry \u00fcber Seitenfenster f\u00fcr eine verbesserte Rundumsicht und das patentierte TUSA-Rundkantenband f\u00fcr mehr Komfort und Passform. Wie alle TUSA-Masken bietet auch die M-32 eine breite Palette an Funktionen, die den Komfort erh\u00f6hen und f\u00fcr klare Sicht unter Wasser sorgen.   <\/p>\n<p>&nbsp;<\/p>\n<p><strong>Abmessungen:<\/strong><\/p>\n<p>Internes Volumen:<br \/>\n Rahmenabmessungen: 3,9 x 7,7 x 4,7 Zoll<br \/>\n Passende Ma\u00dfe:<br \/>\n Gewicht:<\/p>\n","protected":false},"excerpt":{"rendered":"<p>Die Imprex 3D Hyperdry Maske verwendet das patentierte Hyperdry System von TUSA, das ein einfaches, unkompliziertes Reinigen der Maske mit einem einzigen Ausatmen erm\u00f6glicht.<\/p>\n","protected":false},"featured_media":23235,"comment_status":"closed","ping_status":"closed","template":"","meta":{"_acf_changed":false},"product_cat":[524],"product_tag":[],"class_list":{"0":"post-23234","1":"product","2":"type-product","3":"status-publish","4":"has-post-thumbnail","6":"product_cat-masken","8":"first","9":"instock","10":"purchasable","11":"product-type-variable"},"acf":[],"_links":{"self":[{"href":"https:\/\/tusa.viewsite.link\/de\/wp-json\/wp\/v2\/product\/23234","targetHints":{"allow":["GET"]}}],"collection":[{"href":"https:\/\/tusa.viewsite.link\/de\/wp-json\/wp\/v2\/product"}],"about":[{"href":"https:\/\/tusa.viewsite.link\/de\/wp-json\/wp\/v2\/types\/product"}],"replies":[{"embeddable":true,"href":"https:\/\/tusa.viewsite.link\/de\/wp-json\/wp\/v2\/comments?post=23234"}],"wp:featuredmedia":[{"embeddable":true,"href":"https:\/\/tusa.viewsite.link\/de\/wp-json\/wp\/v2\/media\/23235"}],"wp:attachment":[{"href":"https:\/\/tusa.viewsite.link\/de\/wp-json\/wp\/v2\/media?parent=23234"}],"wp:term":[{"taxonomy":"product_cat","embeddable":true,"href":"https:\/\/tusa.viewsite.link\/de\/wp-json\/wp\/v2\/product_cat?post=23234"},{"taxonomy":"product_tag","embeddable":true,"href":"https:\/\/tusa.viewsite.link\/de\/wp-json\/wp\/v2\/product_tag?post=23234"}],"curies":[{"name":"wp","href":"https:\/\/api.w.org\/{rel}","templated":true}]}}