{"id":23203,"date":"2024-09-09T23:08:00","date_gmt":"2024-09-09T23:08:00","guid":{"rendered":"https:\/\/tusa.viewsite.link\/product\/visio-pro-maske\/"},"modified":"2024-09-09T23:08:00","modified_gmt":"2024-09-09T23:08:00","slug":"visio-pro-maske","status":"publish","type":"product","link":"https:\/\/tusa.viewsite.link\/de\/produkt\/visio-pro-maske\/","title":{"rendered":"Visio Pro Maske"},"content":{"rendered":"<p>Die Maske M-110SQB-CR Visio Pro kombiniert das \u00fcberlegene Design und die Verarbeitungsqualit\u00e4t von TUSA mit neuen innovativen Materialien und einer neuen Rahmenkonstruktion. Die Visio Pro verf\u00fcgt \u00fcber das neue optische Crystalview-Glas von TUSA, das mit einer propriet\u00e4ren Antireflexions- (A\/R) und Ultraviolett-Beschichtung (U\/V) in bis zu zwanzig Schichten behandelt wurde. <\/p>\n<p>&nbsp;<\/p>\n<p><strong>Abmessungen:<\/strong><\/p>\n<p>Innenvolumen: 13.1 ci \/ 215 cc<br \/>\n Rahmenabmessungen: 3.7 in x 7.0 in \/ 93.5 mm x 178 mm<br \/>\n Armaturenabmessungen: 4.5 in x 4.8 in \/ 114 mm x 121 mm<br \/>\n Gewicht: 8.5 oz \/ 240 g<\/p>\n","protected":false},"excerpt":{"rendered":"<p>Die M-110SQB-CR Visio Pro Maske kombiniert das \u00fcberlegene Design und die Verarbeitungsqualit\u00e4t von TUSA mit neuen innovativen Materialien und einer neuen Rahmenkonstruktion.<\/p>\n","protected":false},"featured_media":23214,"comment_status":"closed","ping_status":"closed","template":"","meta":{"_acf_changed":false},"product_cat":[524],"product_tag":[],"class_list":{"0":"post-23203","1":"product","2":"type-product","3":"status-publish","4":"has-post-thumbnail","6":"product_cat-masken","8":"first","9":"instock","10":"purchasable","11":"product-type-variable"},"acf":[],"_links":{"self":[{"href":"https:\/\/tusa.viewsite.link\/de\/wp-json\/wp\/v2\/product\/23203","targetHints":{"allow":["GET"]}}],"collection":[{"href":"https:\/\/tusa.viewsite.link\/de\/wp-json\/wp\/v2\/product"}],"about":[{"href":"https:\/\/tusa.viewsite.link\/de\/wp-json\/wp\/v2\/types\/product"}],"replies":[{"embeddable":true,"href":"https:\/\/tusa.viewsite.link\/de\/wp-json\/wp\/v2\/comments?post=23203"}],"wp:featuredmedia":[{"embeddable":true,"href":"https:\/\/tusa.viewsite.link\/de\/wp-json\/wp\/v2\/media\/23214"}],"wp:attachment":[{"href":"https:\/\/tusa.viewsite.link\/de\/wp-json\/wp\/v2\/media?parent=23203"}],"wp:term":[{"taxonomy":"product_cat","embeddable":true,"href":"https:\/\/tusa.viewsite.link\/de\/wp-json\/wp\/v2\/product_cat?post=23203"},{"taxonomy":"product_tag","embeddable":true,"href":"https:\/\/tusa.viewsite.link\/de\/wp-json\/wp\/v2\/product_tag?post=23203"}],"curies":[{"name":"wp","href":"https:\/\/api.w.org\/{rel}","templated":true}]}}