{"id":23186,"date":"2024-09-09T23:08:00","date_gmt":"2024-09-09T23:08:00","guid":{"rendered":"https:\/\/tusa.viewsite.link\/product\/freiheit-ceos-maske\/"},"modified":"2024-09-09T23:08:00","modified_gmt":"2024-09-09T23:08:00","slug":"freiheit-ceos-maske","status":"publish","type":"product","link":"https:\/\/tusa.viewsite.link\/de\/produkt\/freiheit-ceos-maske\/","title":{"rendered":"Freiheit Ceos Maske"},"content":{"rendered":"<p>Die M-212 Ceos ist eine Maske mit zwei Fenstern und geringem Volumen, die mit der neu entwickelten und revolution\u00e4ren Freedom-Technologie ausgestattet ist und eine hervorragende Passform, Komfort und Leistung bietet. Die Ceos ist eine der ersten TUSA-Masken der n\u00e4chsten Generation, die diese innovative neue Technologie in Kombination mit \u00fcberlegenem Design, hoher Verarbeitungsqualit\u00e4t, Materialien und Rahmenkonstruktion bietet. <\/p>\n<p>&nbsp;<\/p>\n<p><strong>Abmessungen:<\/strong><\/p>\n<p>Innenvolumen: 11.0 ci \/ 180 cc<br \/>\n Rahmenabmessungen: 2.8 in x 6.2 in \/ 72 mm \u00d7 157 mm<br \/>\n Armaturenabmessungen: 4.4 in x 5.1 in \/ 113 mm \u00d7 130 mm<br \/>\n Gewicht: 6.5 oz \/ 184 g<\/p>\n","protected":false},"excerpt":{"rendered":"<p>Die M-212 Ceos ist eine flache Maske mit zwei Fenstern und geringem Volumen. Sie verf\u00fcgt \u00fcber die neu entwickelte und revolution\u00e4re Freedom-Technologie, die eine hervorragende Passform, Komfort und Leistung bietet.<\/p>\n","protected":false},"featured_media":23192,"comment_status":"closed","ping_status":"closed","template":"","meta":{"_acf_changed":false},"product_cat":[524],"product_tag":[],"class_list":{"0":"post-23186","1":"product","2":"type-product","3":"status-publish","4":"has-post-thumbnail","6":"product_cat-masken","8":"first","9":"instock","10":"purchasable","11":"product-type-variable"},"acf":[],"_links":{"self":[{"href":"https:\/\/tusa.viewsite.link\/de\/wp-json\/wp\/v2\/product\/23186","targetHints":{"allow":["GET"]}}],"collection":[{"href":"https:\/\/tusa.viewsite.link\/de\/wp-json\/wp\/v2\/product"}],"about":[{"href":"https:\/\/tusa.viewsite.link\/de\/wp-json\/wp\/v2\/types\/product"}],"replies":[{"embeddable":true,"href":"https:\/\/tusa.viewsite.link\/de\/wp-json\/wp\/v2\/comments?post=23186"}],"wp:featuredmedia":[{"embeddable":true,"href":"https:\/\/tusa.viewsite.link\/de\/wp-json\/wp\/v2\/media\/23192"}],"wp:attachment":[{"href":"https:\/\/tusa.viewsite.link\/de\/wp-json\/wp\/v2\/media?parent=23186"}],"wp:term":[{"taxonomy":"product_cat","embeddable":true,"href":"https:\/\/tusa.viewsite.link\/de\/wp-json\/wp\/v2\/product_cat?post=23186"},{"taxonomy":"product_tag","embeddable":true,"href":"https:\/\/tusa.viewsite.link\/de\/wp-json\/wp\/v2\/product_tag?post=23186"}],"curies":[{"name":"wp","href":"https:\/\/api.w.org\/{rel}","templated":true}]}}