{"id":23178,"date":"2024-09-09T23:08:00","date_gmt":"2024-09-09T23:08:00","guid":{"rendered":"https:\/\/tusa.viewsite.link\/product\/panthen-maske\/"},"modified":"2024-09-09T23:08:00","modified_gmt":"2024-09-09T23:08:00","slug":"panthen-maske","status":"publish","type":"product","link":"https:\/\/tusa.viewsite.link\/de\/produkt\/panthen-maske\/","title":{"rendered":"Panthen Maske"},"content":{"rendered":"<p>Die M-210 wurde speziell f\u00fcr Freitaucher und Speerfischer entwickelt, die eine Maske mit extrem geringem Volumen und au\u00dfergew\u00f6hnlichem Sichtfeld ben\u00f6tigen. Die Panthes bietet trotz ihres flachen 2-Fenster-Designs ein mehr als 1,5-faches Sichtfeld im Vergleich zur Konkurrenz. Dar\u00fcber hinaus verf\u00fcgt die M-210 \u00fcber das patentierte Quick-Adjust Buckle System und die 3-D Anatomical Strap Technologie von TUSA. Die M-210 Panthes ist DIE Wahl, wenn Passform, geringe Lautst\u00e4rke und hervorragende Sicht gefragt sind.   <\/p>\n<p>&nbsp;<\/p>\n<p><strong>Abmessungen:<\/strong><\/p>\n<p>Gewicht: Ca. 150g\/5.3oz <\/p>\n","protected":false},"excerpt":{"rendered":"<p>Die M-210 wurde speziell f\u00fcr Freitaucher und Speerfischer entwickelt, die eine Maske mit sehr geringem Volumen und au\u00dfergew\u00f6hnlichem Sichtfeld ben\u00f6tigen.<\/p>\n","protected":false},"featured_media":23180,"comment_status":"closed","ping_status":"closed","template":"","meta":{"_acf_changed":false},"product_cat":[524],"product_tag":[],"class_list":{"0":"post-23178","1":"product","2":"type-product","3":"status-publish","4":"has-post-thumbnail","6":"product_cat-masken","8":"first","9":"instock","10":"purchasable","11":"product-type-variable"},"acf":[],"_links":{"self":[{"href":"https:\/\/tusa.viewsite.link\/de\/wp-json\/wp\/v2\/product\/23178","targetHints":{"allow":["GET"]}}],"collection":[{"href":"https:\/\/tusa.viewsite.link\/de\/wp-json\/wp\/v2\/product"}],"about":[{"href":"https:\/\/tusa.viewsite.link\/de\/wp-json\/wp\/v2\/types\/product"}],"replies":[{"embeddable":true,"href":"https:\/\/tusa.viewsite.link\/de\/wp-json\/wp\/v2\/comments?post=23178"}],"wp:featuredmedia":[{"embeddable":true,"href":"https:\/\/tusa.viewsite.link\/de\/wp-json\/wp\/v2\/media\/23180"}],"wp:attachment":[{"href":"https:\/\/tusa.viewsite.link\/de\/wp-json\/wp\/v2\/media?parent=23178"}],"wp:term":[{"taxonomy":"product_cat","embeddable":true,"href":"https:\/\/tusa.viewsite.link\/de\/wp-json\/wp\/v2\/product_cat?post=23178"},{"taxonomy":"product_tag","embeddable":true,"href":"https:\/\/tusa.viewsite.link\/de\/wp-json\/wp\/v2\/product_tag?post=23178"}],"curies":[{"name":"wp","href":"https:\/\/api.w.org\/{rel}","templated":true}]}}