{"id":23165,"date":"2024-09-09T23:07:50","date_gmt":"2024-09-09T23:07:50","guid":{"rendered":"https:\/\/tusa.viewsite.link\/product\/solla-vollfussflosse\/"},"modified":"2024-09-09T23:07:50","modified_gmt":"2024-09-09T23:07:50","slug":"solla-vollfussflosse","status":"publish","type":"product","link":"https:\/\/tusa.viewsite.link\/de\/produkt\/solla-vollfussflosse\/","title":{"rendered":"Solla Vollfu\u00dfflosse"},"content":{"rendered":"<p>Die FF-23 ist die Vollfu\u00dfversion der SF-22 Solla. Sie wird von der ForcElast-Technologie angetrieben, die eine unvergleichliche Leistung und Effizienz bietet, die Sie bei einer traditionellen Blattflosse noch nie gesehen haben. Zus\u00e4tzlich zur ForcElast-Technologie verf\u00fcgt die Solla \u00fcber das patentierte 20\u00b0 Angled Blade Design (A.B.D.) von TUSA, ein optimiertes, sichelf\u00f6rmiges Blatt mit drei Kan\u00e4len, verst\u00e4rkten Seitenschienen und Bel\u00fcftungs\u00f6ffnungen sowie einer weichen, anatomischen Fu\u00dftasche.  <\/p>\n<p>&nbsp;<\/p>\n<p><strong>Abmessungen:<\/strong><\/p>\n","protected":false},"excerpt":{"rendered":"<p>Der FF-23 ist die Vollfu\u00dfversion des SF-22 Solla<\/p>\n","protected":false},"featured_media":23171,"comment_status":"closed","ping_status":"closed","template":"","meta":{"_acf_changed":false},"product_cat":[525],"product_tag":[],"class_list":{"0":"post-23165","1":"product","2":"type-product","3":"status-publish","4":"has-post-thumbnail","6":"product_cat-flossen","8":"first","9":"instock","10":"purchasable","11":"product-type-variable"},"acf":[],"_links":{"self":[{"href":"https:\/\/tusa.viewsite.link\/de\/wp-json\/wp\/v2\/product\/23165","targetHints":{"allow":["GET"]}}],"collection":[{"href":"https:\/\/tusa.viewsite.link\/de\/wp-json\/wp\/v2\/product"}],"about":[{"href":"https:\/\/tusa.viewsite.link\/de\/wp-json\/wp\/v2\/types\/product"}],"replies":[{"embeddable":true,"href":"https:\/\/tusa.viewsite.link\/de\/wp-json\/wp\/v2\/comments?post=23165"}],"wp:featuredmedia":[{"embeddable":true,"href":"https:\/\/tusa.viewsite.link\/de\/wp-json\/wp\/v2\/media\/23171"}],"wp:attachment":[{"href":"https:\/\/tusa.viewsite.link\/de\/wp-json\/wp\/v2\/media?parent=23165"}],"wp:term":[{"taxonomy":"product_cat","embeddable":true,"href":"https:\/\/tusa.viewsite.link\/de\/wp-json\/wp\/v2\/product_cat?post=23165"},{"taxonomy":"product_tag","embeddable":true,"href":"https:\/\/tusa.viewsite.link\/de\/wp-json\/wp\/v2\/product_tag?post=23165"}],"curies":[{"name":"wp","href":"https:\/\/api.w.org\/{rel}","templated":true}]}}