{"id":23164,"date":"2024-09-09T23:08:00","date_gmt":"2024-09-09T23:08:00","guid":{"rendered":"https:\/\/tusa.viewsite.link\/product\/intega-maske-mit-stoffband\/"},"modified":"2024-09-09T23:08:00","modified_gmt":"2024-09-09T23:08:00","slug":"intega-maske-mit-stoffband","status":"publish","type":"product","link":"https:\/\/tusa.viewsite.link\/de\/produkt\/intega-maske-mit-stoffband\/","title":{"rendered":"Intega Maske mit Stoffband"},"content":{"rendered":"<p>In jahrelanger Forschung hat TUSA ein Maskengeh\u00e4use entwickelt, das sich Ihrem Gesicht anpasst. Der 3D SYNQ Fitting Ring passt sich dem Gesicht des Benutzers an und sorgt f\u00fcr eine Abdichtung wie keine andere Maske. Ob gro\u00df oder klein, breit oder schmal, lang oder kurz &#8211; mit der TUSA Intega sind Sie bestens versorgt.   Das Maskenband aus Stoff verleiht dem Taucherlebnis ein neues Ma\u00df an Komfort. Der rutschfeste Griff und die einfache Verstellbarkeit sorgen f\u00fcr einen passgenauen Sitz am Hinterkopf. Die Schnorchelhalterung sorgt f\u00fcr einen sicheren Sitz.   Jetzt mit einem Stoffband.<\/p>\n<p>&nbsp;<\/p>\n<p><strong>Abmessungen:<\/strong><\/p>\n<p>Innenvolumen: 10.7 ci \/ 175 cc<br \/>\n Rahmenabmessungen: 3.1 in x 6.3 in \/ 79 mm \u00d7 161 mm<br \/>\n Armaturenabmessungen: 4.5 in x 5.2 in \/ 113.5 mm \u00d7 133 mm<br \/>\n Gewicht: 7.2 oz \/ 205 g<\/p>\n","protected":false},"excerpt":{"rendered":"<p>In jahrelanger Forschung hat TUSA einen Maskenrock entwickelt, der sich an Ihr Gesicht anpasst. Jetzt mit einem Stoffband. <\/p>\n","protected":false},"featured_media":23166,"comment_status":"closed","ping_status":"closed","template":"","meta":{"_acf_changed":false},"product_cat":[524],"product_tag":[],"class_list":{"0":"post-23164","1":"product","2":"type-product","3":"status-publish","4":"has-post-thumbnail","6":"product_cat-masken","8":"first","9":"instock","10":"purchasable","11":"product-type-variable"},"acf":[],"_links":{"self":[{"href":"https:\/\/tusa.viewsite.link\/de\/wp-json\/wp\/v2\/product\/23164","targetHints":{"allow":["GET"]}}],"collection":[{"href":"https:\/\/tusa.viewsite.link\/de\/wp-json\/wp\/v2\/product"}],"about":[{"href":"https:\/\/tusa.viewsite.link\/de\/wp-json\/wp\/v2\/types\/product"}],"replies":[{"embeddable":true,"href":"https:\/\/tusa.viewsite.link\/de\/wp-json\/wp\/v2\/comments?post=23164"}],"wp:featuredmedia":[{"embeddable":true,"href":"https:\/\/tusa.viewsite.link\/de\/wp-json\/wp\/v2\/media\/23166"}],"wp:attachment":[{"href":"https:\/\/tusa.viewsite.link\/de\/wp-json\/wp\/v2\/media?parent=23164"}],"wp:term":[{"taxonomy":"product_cat","embeddable":true,"href":"https:\/\/tusa.viewsite.link\/de\/wp-json\/wp\/v2\/product_cat?post=23164"},{"taxonomy":"product_tag","embeddable":true,"href":"https:\/\/tusa.viewsite.link\/de\/wp-json\/wp\/v2\/product_tag?post=23164"}],"curies":[{"name":"wp","href":"https:\/\/api.w.org\/{rel}","templated":true}]}}