{"id":23144,"date":"2024-09-09T23:07:50","date_gmt":"2024-09-09T23:07:50","guid":{"rendered":"https:\/\/tusa.viewsite.link\/product\/liberator-bcd\/"},"modified":"2024-09-09T23:07:50","modified_gmt":"2024-09-09T23:07:50","slug":"liberator-bcd","status":"publish","type":"product","link":"https:\/\/tusa.viewsite.link\/de\/produkt\/liberator-bcd\/","title":{"rendered":"Liberator BCD"},"content":{"rendered":"<p>Die aktualisierte Liberator BC-0103 Tarierweste der n\u00e4chsten Generation ist eine strapazierf\u00e4hige, um das Jacket gewickelte Tarierweste. Der Liberator ist standardm\u00e4\u00dfig mit dem zuverl\u00e4ssigen Kippventil von TUSA ausgestattet. Das neue Advanced Weight Loading System III von TUSA erm\u00f6glicht ein m\u00fcheloses Beladen mit Gewicht. Der Ultimate Stabilizing Harness sorgt f\u00fcr ein komfortables und sicheres Taucherlebnis. Das Advanced Weight Loading System III (AWLS) erm\u00f6glicht es dem Taucher, die Gewichte in die Gewichtskartuschen einzulegen und sie einfach in die Vorderseite des BC-Jackets zu laden. Die Gewichtsverteilung auf den Schulterbereich und das Gef\u00fchl, beschwert zu sein, das mit Bleigurten einhergeht, entf\u00e4llt. Die Gewichtskartuschen k\u00f6nnen ein Gewicht von 3,63 kg (8 lbs.) in jeder Kartusche aufnehmen.       <\/p>\n<p>Neu gestalteter ergonomischer Griff<br \/>\nSchnellverschluss l\u00f6st Gewichtskartuschen<br \/>\nEinlegen der Gewichte in die Gewichtskartuschen, einfaches Laden in die BCD<br \/>\nGewichtsverteilung auf den Schulterbereich<br \/>\nAbnehmbare Gewichtskapazit\u00e4t; 8 lbs. (3,63 kg) pro Kartusche<br \/>\nDas Ultimate Stabilizing Harness (U.S.H.) von TUSA:<br \/>\nEliminiert Tank-Roll<br \/>\nSicherer Halt des Zylinders durch optimal platzierte Schienen<br \/>\nBringt den Tankverschluss zur Karosserie und erh\u00f6ht die Kontrolle \u00fcber den Tank<br \/>\nTUSAs patentiertes O.P.E.V.-System zum schnellen Aufblasen\/Ablassen der Luft<br \/>\n3\/8&#8243; Niederdruck-Schnellkupplungsschlauch mit Gewinde<br \/>\n2-Ablass-\/\u00dcberdruckbegrenzungsventile<br \/>\nStrapazierf\u00e4higes 500-Cordura und 420D Nylon f\u00fcr \u00fcberragende St\u00e4rke und Langlebigkeit<br \/>\nInterne Urethan-Laminierung f\u00fcr luftdichte Integrit\u00e4t<br \/>\n2 Rei\u00dfverschlusstaschen f\u00fcr Zubeh\u00f6rteile<br \/>\n1-Edelstahl und 5-Resin D-Ringe<br \/>\nVerstellbarer Sternumgurt<br \/>\nBrustkorbgurt-Schnalle: Ausgestattet mit integrierter Sicherheitspfeife<br \/>\nAm Rumpf verstellbare Schultergurte<br \/>\nVerstellbarer Taillengurt mit Kummerbund<br \/>\nAlle Gurte mit seitlichen Schnallen im &#8222;Squeeze-Style&#8220; f\u00fcr einfaches An- und Ablegen<br \/>\nHebekapazit\u00e4ten:<br \/>\nX-Small; 18 lbs. (8.2 kg)<br \/>\nSmall; 22.5 lbs. (10.2 kg)<br \/>\nMedium; 31.5 lbs. (14.3 kg)<br \/>\nLarge; 38.2 lbs. (17.3 kg)<br \/>\nX-Large; 46.1 lbs. (20.9 kg)<br \/>\nTrockengewicht: 7.1 lbs. (3.2 kg) bis 7.7 lbs. (3.5 kg), gr\u00f6\u00dfenabh\u00e4ngig<br \/>\nHandbuch f\u00fcr den Benutzer       <\/p>\n<p>&nbsp;<\/p>\n<p><strong>Abmessungen:<\/strong><\/p>\n<p>\u00c4u\u00dferes Gewebe: 500D CORDURA*<br \/>\nInnengewebe: 420D Nylon<br \/>\nAblassventile: 3 (O.P.E.V. +2)<br \/>\nD-Ringe: 1 rostfrei, 4 Harz<br \/>\n*CORDURA ist eine eingetragene Marke der INVISTA Corporation in den Vereinigten Staaten.<\/p>\n","protected":false},"excerpt":{"rendered":"<p>Die aktualisierte Liberator BC-0103 Tarierweste der n\u00e4chsten Generation ist eine strapazierf\u00e4hige Jacke im Stil einer Wickelweste.<\/p>\n","protected":false},"featured_media":23145,"comment_status":"closed","ping_status":"closed","template":"","meta":{"_acf_changed":false},"product_cat":[520],"product_tag":[],"class_list":{"0":"post-23144","1":"product","2":"type-product","3":"status-publish","4":"has-post-thumbnail","6":"product_cat-bcds-de","8":"first","9":"instock","10":"purchasable","11":"product-type-variable"},"acf":[],"_links":{"self":[{"href":"https:\/\/tusa.viewsite.link\/de\/wp-json\/wp\/v2\/product\/23144","targetHints":{"allow":["GET"]}}],"collection":[{"href":"https:\/\/tusa.viewsite.link\/de\/wp-json\/wp\/v2\/product"}],"about":[{"href":"https:\/\/tusa.viewsite.link\/de\/wp-json\/wp\/v2\/types\/product"}],"replies":[{"embeddable":true,"href":"https:\/\/tusa.viewsite.link\/de\/wp-json\/wp\/v2\/comments?post=23144"}],"wp:featuredmedia":[{"embeddable":true,"href":"https:\/\/tusa.viewsite.link\/de\/wp-json\/wp\/v2\/media\/23145"}],"wp:attachment":[{"href":"https:\/\/tusa.viewsite.link\/de\/wp-json\/wp\/v2\/media?parent=23144"}],"wp:term":[{"taxonomy":"product_cat","embeddable":true,"href":"https:\/\/tusa.viewsite.link\/de\/wp-json\/wp\/v2\/product_cat?post=23144"},{"taxonomy":"product_tag","embeddable":true,"href":"https:\/\/tusa.viewsite.link\/de\/wp-json\/wp\/v2\/product_tag?post=23144"}],"curies":[{"name":"wp","href":"https:\/\/api.w.org\/{rel}","templated":true}]}}