{"id":23136,"date":"2024-09-09T23:07:50","date_gmt":"2024-09-09T23:07:50","guid":{"rendered":"https:\/\/tusa.viewsite.link\/product\/soverin-alpha-bcd\/"},"modified":"2024-09-09T23:07:50","modified_gmt":"2024-09-09T23:07:50","slug":"soverin-alpha-bcd","status":"publish","type":"product","link":"https:\/\/tusa.viewsite.link\/de\/produkt\/soverin-alpha-bcd\/","title":{"rendered":"Soverin-Alpha BCD"},"content":{"rendered":"<p>Der BC0102 Soverin alpha von TUSA verf\u00fcgt \u00fcber das neue Advanced Weight Loading System (A.W.L.S III) von TUSA. Der BC0102 verf\u00fcgt \u00fcber einen neuen D-Ring und Karabinerhaken, die sich individuell positionieren lassen. Der Soverin alpha bietet einen sicheren, komfortablen Sitz durch das Independent Harness System von TUSA, eine verbesserte Lendenwirbels\u00e4ule und ein Komfort-R\u00fcckenpolster. Der neu gestaltete H\u00fcftgurt l\u00e4sst sich m\u00fchelos verstellen und die Gewichtstaschen sind mit strapazierf\u00e4higen Rei\u00dfverschl\u00fcssen verschlossen.   <\/p>\n<p>Unabh\u00e4ngiges Gurtsystem<br \/>\nRiteTite-Schnalle<br \/>\n2 Rei\u00dfverschlusstaschen<br \/>\nGr\u00f6\u00dfen: XS, S, M, L-XL<br \/>\nTragkraft: XS: 18.0 lbf.\/S: 24.7 lbf.\/M: 29.2 lbf.\/L-XL: 38.2 lbf.<br \/>\nF\u00fcgen Sie die TC-752 Messerbefestigung f\u00fcr den FK-10\/11\/14 hinzu<br \/>\nF\u00fcgen Sie den TC-753 A.P.A.-Montagegurt f\u00fcr die Verlegung des A.P.A. unter dem Arm hinzu<\/p>\n<p>&nbsp;<\/p>\n<p><strong>Abmessungen:<\/strong><\/p>\n<p>\u00c4u\u00dferes Gewebe: 500D CORDURA*<br \/>\nInnengewebe: 500D CORDURA*<br \/>\nAblassventile: 3 (O.P.E.V. +2)<br \/>\nD-Ringe: 1 Edelstahl, 5 Harz<br \/>\n*CORDURA ist eine eingetragene Marke der INVISTA Corporation in den Vereinigten Staaten.<\/p>\n","protected":false},"excerpt":{"rendered":"<p>Der Soverin-Alpha ist mit dem neuen Advanced Weight Loading System (A.W.L.S III) von TUSA ausgestattet und verf\u00fcgt \u00fcber einen neuen D-Ring und Karabinerhaken, die sich individuell positionieren lassen.<\/p>\n","protected":false},"featured_media":23137,"comment_status":"closed","ping_status":"closed","template":"","meta":{"_acf_changed":false},"product_cat":[520],"product_tag":[],"class_list":{"0":"post-23136","1":"product","2":"type-product","3":"status-publish","4":"has-post-thumbnail","6":"product_cat-bcds-de","8":"first","9":"instock","10":"purchasable","11":"product-type-variable"},"acf":[],"_links":{"self":[{"href":"https:\/\/tusa.viewsite.link\/de\/wp-json\/wp\/v2\/product\/23136","targetHints":{"allow":["GET"]}}],"collection":[{"href":"https:\/\/tusa.viewsite.link\/de\/wp-json\/wp\/v2\/product"}],"about":[{"href":"https:\/\/tusa.viewsite.link\/de\/wp-json\/wp\/v2\/types\/product"}],"replies":[{"embeddable":true,"href":"https:\/\/tusa.viewsite.link\/de\/wp-json\/wp\/v2\/comments?post=23136"}],"wp:featuredmedia":[{"embeddable":true,"href":"https:\/\/tusa.viewsite.link\/de\/wp-json\/wp\/v2\/media\/23137"}],"wp:attachment":[{"href":"https:\/\/tusa.viewsite.link\/de\/wp-json\/wp\/v2\/media?parent=23136"}],"wp:term":[{"taxonomy":"product_cat","embeddable":true,"href":"https:\/\/tusa.viewsite.link\/de\/wp-json\/wp\/v2\/product_cat?post=23136"},{"taxonomy":"product_tag","embeddable":true,"href":"https:\/\/tusa.viewsite.link\/de\/wp-json\/wp\/v2\/product_tag?post=23136"}],"curies":[{"name":"wp","href":"https:\/\/api.w.org\/{rel}","templated":true}]}}