{"id":23120,"date":"2024-09-09T23:07:50","date_gmt":"2024-09-09T23:07:50","guid":{"rendered":"https:\/\/tusa.viewsite.link\/product\/aktive-bereinigungshilfe\/"},"modified":"2024-09-09T23:07:50","modified_gmt":"2024-09-09T23:07:50","slug":"aktive-bereinigungshilfe","status":"publish","type":"product","link":"https:\/\/tusa.viewsite.link\/de\/produkt\/aktive-bereinigungshilfe\/","title":{"rendered":"Aktive Bereinigungshilfe"},"content":{"rendered":"<p>Das Active Purge Assist (APA) System von TUSA ist eine revolution\u00e4re neue BCD-Zubeh\u00f6rtechnologie. Dieses pneumatisch unterst\u00fctzte Ablasssystem und das neu entwickelte OPEV (\u00dcberdruck-Ablassventil) bieten deutlich h\u00f6here Durchflussraten als ein Standard-Inflatorsystem, was eine sofortige Reaktion auf das Ablassen und Aufblasen erm\u00f6glicht. Dar\u00fcber hinaus ist der APA unglaublich stromlinienf\u00f6rmig, was den Luftwiderstand und die Sperrigkeit reduziert. Das System ist wartungsarm und pflegeleicht, wodurch Fehlfunktionen des Inflators reduziert werden. Es ist ein nachr\u00fcstbares Ersatzteil f\u00fcr die meisten TUSA BCDs.   <\/p>\n<p>Das ergonomische Design von APA liegt beim Trimmen der Tarierung unter Wasser bequem in der Hand. Er verf\u00fcgt \u00fcber einen kabelaktivierten Pull-Dump-Mechanismus, der es dem Taucher erm\u00f6glicht, den Inflator nach unten zu ziehen, um bei Bedarf schnell Luft abzulassen. Der gewellte Schlauch ist mit Clips versehen, um den Niederdruckschlauch, der von Ihrem Atemregler der ersten Stufe kommt, zu f\u00fchren, um den Luftwiderstand weiter zu verringern und das stromlinienf\u00f6rmige Profil beim Tauchen zu verbessern. Einzigartig ist, dass das System auf verschiedene Arten an der BCD befestigt werden kann:<br \/>\n1. Traditionell, \u00fcber der Schulter<br \/>\n2. Unterarm, an der Tasche\/H\u00fcfte positioniert*<br \/>\n3. Unterarm, in der Mitte der Brust positioniert &#8211; Ideal f\u00fcr behinderte Taucher*<br \/>\n*Erfordert den TC-753 Befestigungsriemen (siehe SKU: TBTTC753)   <\/p>\n<p>&nbsp;<\/p>\n<p><strong>Abmessungen:<\/strong><\/p>\n<p>Produktgewicht: 0.75 lbs \/ .34 kg<\/p>\n","protected":false},"excerpt":{"rendered":"<p>Das Active Purge Assist System von TUSA ist eine revolution\u00e4re BCD-Zubeh\u00f6rtechnologie. Dieses pneumatisch unterst\u00fctzte Ausatemsystem und das neu entwickelte OPEV bieten verbesserte Durchflussraten, die eine sofortige Reaktion auf das Ausatmen und Aufblasen erm\u00f6glichen. <\/p>\n","protected":false},"featured_media":23127,"comment_status":"closed","ping_status":"closed","template":"","meta":{"_acf_changed":false},"product_cat":[520],"product_tag":[],"class_list":{"0":"post-23120","1":"product","2":"type-product","3":"status-publish","4":"has-post-thumbnail","6":"product_cat-bcds-de","8":"first","9":"instock","10":"purchasable","11":"product-type-simple"},"acf":[],"_links":{"self":[{"href":"https:\/\/tusa.viewsite.link\/de\/wp-json\/wp\/v2\/product\/23120","targetHints":{"allow":["GET"]}}],"collection":[{"href":"https:\/\/tusa.viewsite.link\/de\/wp-json\/wp\/v2\/product"}],"about":[{"href":"https:\/\/tusa.viewsite.link\/de\/wp-json\/wp\/v2\/types\/product"}],"replies":[{"embeddable":true,"href":"https:\/\/tusa.viewsite.link\/de\/wp-json\/wp\/v2\/comments?post=23120"}],"wp:featuredmedia":[{"embeddable":true,"href":"https:\/\/tusa.viewsite.link\/de\/wp-json\/wp\/v2\/media\/23127"}],"wp:attachment":[{"href":"https:\/\/tusa.viewsite.link\/de\/wp-json\/wp\/v2\/media?parent=23120"}],"wp:term":[{"taxonomy":"product_cat","embeddable":true,"href":"https:\/\/tusa.viewsite.link\/de\/wp-json\/wp\/v2\/product_cat?post=23120"},{"taxonomy":"product_tag","embeddable":true,"href":"https:\/\/tusa.viewsite.link\/de\/wp-json\/wp\/v2\/product_tag?post=23120"}],"curies":[{"name":"wp","href":"https:\/\/api.w.org\/{rel}","templated":true}]}}