{"id":23114,"date":"2024-09-09T23:07:50","date_gmt":"2024-09-09T23:07:50","guid":{"rendered":"https:\/\/tusa.viewsite.link\/product\/conquest-ii-bcd\/"},"modified":"2024-09-09T23:07:50","modified_gmt":"2024-09-09T23:07:50","slug":"conquest-ii-bcd","status":"publish","type":"product","link":"https:\/\/tusa.viewsite.link\/de\/produkt\/conquest-ii-bcd\/","title":{"rendered":"Conquest II BCD"},"content":{"rendered":"<p>Der BC0201 Conquest II von TUSA ist der neueste Stand der BC-Technologie mit einer Hybrid-3-D-Blase und dem Advanced Weight Loading System (A.W.L.S II) von TUSA. Der BC0201 verf\u00fcgt \u00fcber ein neues Harness System, das f\u00fcr ultimative Tankstabilit\u00e4t und un\u00fcbertroffene Auftriebskontrolle sorgt. Der Conquest II ist standardm\u00e4\u00dfig mit dem A.P.A. (Active Purge Assist) System von TUSA und einem verbesserten Lenden- und R\u00fcckenpolster f\u00fcr maximalen Komfort ausgestattet.  <\/p>\n<p>&nbsp;<\/p>\n<p><strong>Abmessungen:<\/strong><\/p>\n<p>\u00c4u\u00dferes Gewebe: 840D Nylon<br \/>\nInternes Gewebe: 420D Nylon<br \/>\nAblassventile: 4 (O.P.E.V. +3)<br \/>\nD-Ringe: 4 rostfrei, 1 Harz<br \/>\nHubkapazit\u00e4t: XS-S: 36.0 lbf.\/M: 38.2 lbf.\/L: 49.5 lbf.\/XL: 49.5 lbf.<\/p>\n","protected":false},"excerpt":{"rendered":"<p>Der BC0201 Conquest II von TUSA ist der neueste Stand der BC-Technologie mit einer Hybrid-3-D-Blase und dem Advanced Weight Loading System (A.W.L.S II) von TUSA.<\/p>\n","protected":false},"featured_media":23118,"comment_status":"closed","ping_status":"closed","template":"","meta":{"_acf_changed":false},"product_cat":[520],"product_tag":[],"class_list":{"0":"post-23114","1":"product","2":"type-product","3":"status-publish","4":"has-post-thumbnail","6":"product_cat-bcds-de","8":"first","9":"instock","10":"purchasable","11":"product-type-variable"},"acf":[],"_links":{"self":[{"href":"https:\/\/tusa.viewsite.link\/de\/wp-json\/wp\/v2\/product\/23114","targetHints":{"allow":["GET"]}}],"collection":[{"href":"https:\/\/tusa.viewsite.link\/de\/wp-json\/wp\/v2\/product"}],"about":[{"href":"https:\/\/tusa.viewsite.link\/de\/wp-json\/wp\/v2\/types\/product"}],"replies":[{"embeddable":true,"href":"https:\/\/tusa.viewsite.link\/de\/wp-json\/wp\/v2\/comments?post=23114"}],"wp:featuredmedia":[{"embeddable":true,"href":"https:\/\/tusa.viewsite.link\/de\/wp-json\/wp\/v2\/media\/23118"}],"wp:attachment":[{"href":"https:\/\/tusa.viewsite.link\/de\/wp-json\/wp\/v2\/media?parent=23114"}],"wp:term":[{"taxonomy":"product_cat","embeddable":true,"href":"https:\/\/tusa.viewsite.link\/de\/wp-json\/wp\/v2\/product_cat?post=23114"},{"taxonomy":"product_tag","embeddable":true,"href":"https:\/\/tusa.viewsite.link\/de\/wp-json\/wp\/v2\/product_tag?post=23114"}],"curies":[{"name":"wp","href":"https:\/\/api.w.org\/{rel}","templated":true}]}}