{"id":23102,"date":"2024-09-09T23:07:50","date_gmt":"2024-09-09T23:07:50","guid":{"rendered":"https:\/\/tusa.viewsite.link\/product\/bb-react-bcd\/"},"modified":"2024-09-09T23:07:50","modified_gmt":"2024-09-09T23:07:50","slug":"bb-react-bcd","status":"publish","type":"product","link":"https:\/\/tusa.viewsite.link\/de\/produkt\/bb-react-bcd\/","title":{"rendered":"BB React BCD"},"content":{"rendered":"<p>Der BB React ist unser neuester BCJ mit dem brandneuen React System. Das React System h\u00e4lt das Gewicht n\u00e4her am K\u00f6rper, um ein Verrutschen des Tanks zu verhindern und einen bequemen und stabilen Sitz zu gew\u00e4hrleisten. Mit Gr\u00f6\u00dfen von XS-XL ist dies eine gro\u00dfartige BC-Wahl f\u00fcr alle, die die neueste TUSA-Technologie suchen.  <\/p>\n<p>&nbsp;<\/p>\n<p><strong>Abmessungen:<\/strong><\/p>\n<p>\u00c4u\u00dferes Gewebe: TPU Double Lamintaed 420D Nylon<br \/>\nInternes Gewebe: TPU Double Lamintaed 420D Nylon<br \/>\nAblassventile: 3 (O.P.E.V. +2)<br \/>\nD-Ringe: 2 rostfrei, 2 Harz (Repositionierbare D-Ringe)<\/p>\n","protected":false},"excerpt":{"rendered":"<p>Die innovative neue R\u00fcckeninflation BB React bringt Gewicht und Auftrieb n\u00e4her an den K\u00f6rper des Tauchers und sorgt so f\u00fcr mehr Komfort und Balance.<\/p>\n","protected":false},"featured_media":23105,"comment_status":"closed","ping_status":"closed","template":"","meta":{"_acf_changed":false},"product_cat":[520],"product_tag":[],"class_list":{"0":"post-23102","1":"product","2":"type-product","3":"status-publish","4":"has-post-thumbnail","6":"product_cat-bcds-de","8":"first","9":"instock","10":"purchasable","11":"product-type-variable"},"acf":[],"_links":{"self":[{"href":"https:\/\/tusa.viewsite.link\/de\/wp-json\/wp\/v2\/product\/23102","targetHints":{"allow":["GET"]}}],"collection":[{"href":"https:\/\/tusa.viewsite.link\/de\/wp-json\/wp\/v2\/product"}],"about":[{"href":"https:\/\/tusa.viewsite.link\/de\/wp-json\/wp\/v2\/types\/product"}],"replies":[{"embeddable":true,"href":"https:\/\/tusa.viewsite.link\/de\/wp-json\/wp\/v2\/comments?post=23102"}],"wp:featuredmedia":[{"embeddable":true,"href":"https:\/\/tusa.viewsite.link\/de\/wp-json\/wp\/v2\/media\/23105"}],"wp:attachment":[{"href":"https:\/\/tusa.viewsite.link\/de\/wp-json\/wp\/v2\/media?parent=23102"}],"wp:term":[{"taxonomy":"product_cat","embeddable":true,"href":"https:\/\/tusa.viewsite.link\/de\/wp-json\/wp\/v2\/product_cat?post=23102"},{"taxonomy":"product_tag","embeddable":true,"href":"https:\/\/tusa.viewsite.link\/de\/wp-json\/wp\/v2\/product_tag?post=23102"}],"curies":[{"name":"wp","href":"https:\/\/api.w.org\/{rel}","templated":true}]}}