{"id":23076,"date":"2024-09-09T23:07:50","date_gmt":"2024-09-09T23:07:50","guid":{"rendered":"https:\/\/tusa.viewsite.link\/product\/t-fluegel-bcd\/"},"modified":"2024-09-09T23:07:50","modified_gmt":"2024-09-09T23:07:50","slug":"t-fluegel-bcd","status":"publish","type":"product","link":"https:\/\/tusa.viewsite.link\/de\/produkt\/t-fluegel-bcd\/","title":{"rendered":"T-Fl\u00fcgel BCD"},"content":{"rendered":"<p>Der TUSA t-wing BC ist ein technisch gestalteter BC, der eine leichte, anpassbare Plattform bietet. Die Aluminium-R\u00fcckenplatte und die kompakte Donut-Blase sorgen f\u00fcr sichere Stabilit\u00e4t im Wasser. Mit den optionalen Zubeh\u00f6rtaschen und dem Einzeltankadapter erreichen Sie einen perfekten Trimm und Komfort.  <\/p>\n<p>&nbsp;<\/p>\n<p><strong>Abmessungen:<\/strong><\/p>\n<p>\u00c4u\u00dferes Gewebe: 1000D CORDURA*<br \/>\nInnengewebe: 210D Nylon<br \/>\nAblassventile: 2 (O.P.E.V. +2)<br \/>\nD-Ringe: 5 rostfreie (3 gebogen, 2 gerade)<br \/>\n*CORDURA ist eine eingetragene Marke der INVISTA Corporation in den Vereinigten Staaten.<br \/>\nHubkapazit\u00e4t: XS-XL: 27.0 lbf.<\/p>\n","protected":false},"excerpt":{"rendered":"<p>Der TUSA t-wing BC ist ein technisch ausgerichteter BC, der eine leichte, anpassbare Plattform bietet.<\/p>\n","protected":false},"featured_media":23079,"comment_status":"closed","ping_status":"closed","template":"","meta":{"_acf_changed":false},"product_cat":[520],"product_tag":[],"class_list":{"0":"post-23076","1":"product","2":"type-product","3":"status-publish","4":"has-post-thumbnail","6":"product_cat-bcds-de","8":"first","9":"instock","10":"purchasable","11":"product-type-variable"},"acf":[],"_links":{"self":[{"href":"https:\/\/tusa.viewsite.link\/de\/wp-json\/wp\/v2\/product\/23076","targetHints":{"allow":["GET"]}}],"collection":[{"href":"https:\/\/tusa.viewsite.link\/de\/wp-json\/wp\/v2\/product"}],"about":[{"href":"https:\/\/tusa.viewsite.link\/de\/wp-json\/wp\/v2\/types\/product"}],"replies":[{"embeddable":true,"href":"https:\/\/tusa.viewsite.link\/de\/wp-json\/wp\/v2\/comments?post=23076"}],"wp:featuredmedia":[{"embeddable":true,"href":"https:\/\/tusa.viewsite.link\/de\/wp-json\/wp\/v2\/media\/23079"}],"wp:attachment":[{"href":"https:\/\/tusa.viewsite.link\/de\/wp-json\/wp\/v2\/media?parent=23076"}],"wp:term":[{"taxonomy":"product_cat","embeddable":true,"href":"https:\/\/tusa.viewsite.link\/de\/wp-json\/wp\/v2\/product_cat?post=23076"},{"taxonomy":"product_tag","embeddable":true,"href":"https:\/\/tusa.viewsite.link\/de\/wp-json\/wp\/v2\/product_tag?post=23076"}],"curies":[{"name":"wp","href":"https:\/\/api.w.org\/{rel}","templated":true}]}}