{"id":23059,"date":"2024-09-09T23:07:50","date_gmt":"2024-09-09T23:07:50","guid":{"rendered":"https:\/\/tusa.viewsite.link\/product\/tusa-tina-bcd\/"},"modified":"2024-09-09T23:07:50","modified_gmt":"2024-09-09T23:07:50","slug":"tusa-tina-bcd","status":"publish","type":"product","link":"https:\/\/tusa.viewsite.link\/de\/produkt\/tusa-tina-bcd\/","title":{"rendered":"TUSA Tina BCD"},"content":{"rendered":"<p>Der BC0403 Tina von TUSA ist ein BC mit hochgeschnittener Taille, der f\u00fcr Frauen entwickelt wurde und Unbehagen beim Tragen von Bleigewichten beseitigt. Der neue BC0403 ist ergonomisch und komfortabel gestaltet und verf\u00fcgt \u00fcber schnell trocknende Schulter- und R\u00fcckenpolster mit verbesserter Polsterung. Au\u00dferdem verf\u00fcgt er \u00fcber das neue Advanced Weight Loading System (A.W.L.S III) von TUSA, repositionierbare D-Ringe aus rostfreiem Kunststoff und Karabinerhaken f\u00fcr die individuelle Anpassung. Das unabh\u00e4ngige Gurtsystem von TUSA, die verbesserte Lendenpartie und das Komfort-R\u00fcckenpolster sorgen f\u00fcr einen sicheren, bequemen Sitz. Der neu gestaltete H\u00fcftgurt l\u00e4sst sich m\u00fchelos verstellen, und die beiden gro\u00dfen BC-Taschen sind mit doppelten Rei\u00dfverschl\u00fcssen ausgestattet, die einen einfachen Zugriff auf Ihr Zubeh\u00f6r erm\u00f6glichen. Zwei zus\u00e4tzliche Taschen dienen zur Unterbringung Ihrer Messger\u00e4te und der sicheren zweiten Stufe &#8222;Octo&#8220;.    <\/p>\n<p>&nbsp;<\/p>\n<p><strong>Abmessungen:<\/strong><\/p>\n<p>\u00c4u\u00dferes Gewebe: 500D CORDURA*<br \/>\nInnengewebe: 420D Nylon<br \/>\nAblassventile: 3 (O.P.E.V. +2)<br \/>\nD-Ringe: 2 aus Edelstahl, 4 aus Harz<br \/>\n*CORDURA ist eine eingetragene Marke der INVISTA Corporation in den Vereinigten Staaten.<br \/>\nTragkraft: XXS: 22.5 lbf.\/XS: 24.7 lbf.\/ S: 29.2 lbf.\/ M: 36.0 lbf.\/ L: 36.0 lbf.<\/p>\n","protected":false},"excerpt":{"rendered":"<p>Die Tina BCD bietet eine hochgeschnittene Taille, die f\u00fcr Frauen entwickelt wurde, um Unannehmlichkeiten zu vermeiden.<\/p>\n","protected":false},"featured_media":23064,"comment_status":"closed","ping_status":"closed","template":"","meta":{"_acf_changed":false},"product_cat":[520],"product_tag":[],"class_list":{"0":"post-23059","1":"product","2":"type-product","3":"status-publish","4":"has-post-thumbnail","6":"product_cat-bcds-de","8":"first","9":"instock","10":"purchasable","11":"product-type-variable"},"acf":[],"_links":{"self":[{"href":"https:\/\/tusa.viewsite.link\/de\/wp-json\/wp\/v2\/product\/23059","targetHints":{"allow":["GET"]}}],"collection":[{"href":"https:\/\/tusa.viewsite.link\/de\/wp-json\/wp\/v2\/product"}],"about":[{"href":"https:\/\/tusa.viewsite.link\/de\/wp-json\/wp\/v2\/types\/product"}],"replies":[{"embeddable":true,"href":"https:\/\/tusa.viewsite.link\/de\/wp-json\/wp\/v2\/comments?post=23059"}],"wp:featuredmedia":[{"embeddable":true,"href":"https:\/\/tusa.viewsite.link\/de\/wp-json\/wp\/v2\/media\/23064"}],"wp:attachment":[{"href":"https:\/\/tusa.viewsite.link\/de\/wp-json\/wp\/v2\/media?parent=23059"}],"wp:term":[{"taxonomy":"product_cat","embeddable":true,"href":"https:\/\/tusa.viewsite.link\/de\/wp-json\/wp\/v2\/product_cat?post=23059"},{"taxonomy":"product_tag","embeddable":true,"href":"https:\/\/tusa.viewsite.link\/de\/wp-json\/wp\/v2\/product_tag?post=23059"}],"curies":[{"name":"wp","href":"https:\/\/api.w.org\/{rel}","templated":true}]}}