{"id":23058,"date":"2024-09-09T23:07:50","date_gmt":"2024-09-09T23:07:50","guid":{"rendered":"https:\/\/tusa.viewsite.link\/product\/x-wing-bcd\/"},"modified":"2024-09-09T23:07:50","modified_gmt":"2024-09-09T23:07:50","slug":"x-wing-bcd","status":"publish","type":"product","link":"https:\/\/tusa.viewsite.link\/de\/produkt\/x-wing-bcd\/","title":{"rendered":"X-Wing BCD"},"content":{"rendered":"<p>Das BCJ-8000 X-Wing Jacket mit r\u00fcckseitiger Inflation ist eine ideale Kombination aus Technik und Freizeit. Das patentierte Independent Harness System und der Ultimate Stabilizing Harness von TUSA werden mit einer neu entwickelten 500D Cordura Nylon Horseshoe Bladder kombiniert, die hervorragenden Auftrieb, Komfort und Bewegungsfreiheit bietet, wie sie von den anspruchsvollsten Tauchern gefordert werden. Der X-Wing ist au\u00dferdem mit einem 3-D-Schaumstoffr\u00fcckenpolster, dem neu entwickelten integrierten A.W.L.S. II-Gewichtsbelastungssystem, abnehmbaren hinteren Trimmtaschen und einer Zubeh\u00f6rtasche aus Mesh ausgestattet und verf\u00fcgt standardm\u00e4\u00dfig \u00fcber das revolution\u00e4re Active Purge Assist System von TUSA zum Aufblasen und Entleeren der Luft.  <\/p>\n<p>&nbsp;<\/p>\n<p><strong>Abmessungen:<\/strong><\/p>\n<p>\u00c4u\u00dferes Gewebe: 500D CORDURA*<br \/>\nInnengewebe: 420D Nylon<br \/>\nAblassventile: 3 (O.P.E.V. +2)<br \/>\nD-Ringe: 4 Harz<br \/>\n*CORDURA ist eine eingetragene Marke der INVISTA Corporation in den Vereinigten Staaten.<br \/>\nHubkapazit\u00e4t: S: 29.2 lbf.\/M: 29.2 lbf.\/L: 40.5 lbf.\/XL: 40.5 lbf.<\/p>\n","protected":false},"excerpt":{"rendered":"<p>Die BCJ-8000 X-Wing BC-Jacke ist eine ideale Kombination aus Technik und Freizeit.<\/p>\n","protected":false},"featured_media":23060,"comment_status":"closed","ping_status":"closed","template":"","meta":{"_acf_changed":false},"product_cat":[520],"product_tag":[],"class_list":{"0":"post-23058","1":"product","2":"type-product","3":"status-publish","4":"has-post-thumbnail","6":"product_cat-bcds-de","8":"first","9":"instock","10":"purchasable","11":"product-type-variable"},"acf":[],"_links":{"self":[{"href":"https:\/\/tusa.viewsite.link\/de\/wp-json\/wp\/v2\/product\/23058","targetHints":{"allow":["GET"]}}],"collection":[{"href":"https:\/\/tusa.viewsite.link\/de\/wp-json\/wp\/v2\/product"}],"about":[{"href":"https:\/\/tusa.viewsite.link\/de\/wp-json\/wp\/v2\/types\/product"}],"replies":[{"embeddable":true,"href":"https:\/\/tusa.viewsite.link\/de\/wp-json\/wp\/v2\/comments?post=23058"}],"wp:featuredmedia":[{"embeddable":true,"href":"https:\/\/tusa.viewsite.link\/de\/wp-json\/wp\/v2\/media\/23060"}],"wp:attachment":[{"href":"https:\/\/tusa.viewsite.link\/de\/wp-json\/wp\/v2\/media?parent=23058"}],"wp:term":[{"taxonomy":"product_cat","embeddable":true,"href":"https:\/\/tusa.viewsite.link\/de\/wp-json\/wp\/v2\/product_cat?post=23058"},{"taxonomy":"product_tag","embeddable":true,"href":"https:\/\/tusa.viewsite.link\/de\/wp-json\/wp\/v2\/product_tag?post=23058"}],"curies":[{"name":"wp","href":"https:\/\/api.w.org\/{rel}","templated":true}]}}