{"id":24762,"date":"2024-07-14T21:21:10","date_gmt":"2024-07-14T21:21:10","guid":{"rendered":"https:\/\/tusa.viewsite.link\/ueber-tusa\/"},"modified":"2024-07-14T21:21:10","modified_gmt":"2024-07-14T21:21:10","slug":"ueber-tusa","status":"publish","type":"page","link":"https:\/\/tusa.viewsite.link\/de\/ueber-tusa\/","title":{"rendered":"\u00dcber TUSA"},"content":{"rendered":"<h2>Firmenprofil<\/h2>\n<p>Tabata Co., Ltd. ist ein internationaler Sportartikelhersteller mit Hauptsitz in Tokio, Japan. Mit ISO 9001-zertifizierten Design-, Entwicklungs-, Test- und Produktionsst\u00e4tten in Japan und Taiwan arbeitet Tabata nach den strengsten Qualit\u00e4tsstandards, die es gibt. Das globale Netzwerk von Tabata umfasst Einrichtungen in Japan, Taiwan, Australien, den Niederlanden und den Vereinigten Staaten.  <\/p>\n<p>TUSA ist einer der ersten Tauchausr\u00fcstungshersteller der Welt, der 1952 von Kazuo Tabata in Tokio, Japan, gegr\u00fcndet wurde. Seit den ersten handgefertigten Masken und Brillen, die in der Garage von Herrn Tabata hergestellt wurden, sind Tabata-Produkte immer aus den besten Materialien gefertigt worden und zeichnen sich durch ein beispielloses Engagement f\u00fcr Qualit\u00e4t und Innovation aus. <\/p>\n<p>&nbsp;<\/p>\n<p>TUSA war der erste Hersteller, der mit dem urspr\u00fcnglichen Liberator-Modell kristallklare (Premium-) Silikonmaskensch\u00fcrzen einf\u00fchrte und die erste Palette an leuchtenden Farben in die Tauchausr\u00fcstung einf\u00fchrte.<\/p>\n<p>&nbsp;<\/p>\n<p>Die kontinuierliche Innovation zeigt sich heute in der gesamten Tabata-Linie, zu der auch die VIEW-Schwimmausr\u00fcstung, die TUSA Sportschnorchelausr\u00fcstung, die Vitalshot Golfausr\u00fcstung und andere Freizeitsportartikel geh\u00f6ren.<\/p>\n<p>&nbsp;<\/p>\n<p>Seit mehr als 66 Jahren hat TUSA die Zukunft des Tauchens gepr\u00e4gt und unser engagiertes Team wird auch weiterhin die Tauch- und Wassersporterfahrung f\u00fcr zuk\u00fcnftige Generationen verbessern.<\/p>\n<p>&nbsp;<\/p>\n<p><strong>Design, Herstellung, Qualit\u00e4tskontrolle<\/strong><\/p>\n<p>TUSA-Tauchausr\u00fcstungen werden nach ISO 9001-Standards entwickelt und hergestellt.<\/p>\n<p>&nbsp;<\/p>\n<p>Bei Tabata war es schon immer unser Ziel, unseren Benutzern innovative Ger\u00e4te von h\u00f6chster Qualit\u00e4t zu bieten. Um die Qualit\u00e4t zu gew\u00e4hrleisten, wurde Tabata von der International Standards Organization nach deren ISO 9001-Normen f\u00fcr Tabata Japan und Tabata Taiwan zertifiziert. Die ISO-Zertifizierung ist eine unabh\u00e4ngige Best\u00e4tigung unseres Engagements f\u00fcr die Entwicklung und Herstellung innovativer Ger\u00e4te nach den h\u00f6chsten internationalen Qualit\u00e4tsstandards.  <\/p>\n<p>&nbsp;<\/p>\n<p>Unsere Atemregler sind ein gutes Beispiel daf\u00fcr, wie wir unsere Ausr\u00fcstung entwickeln und testen, bevor sie an den Taucher ausgeliefert wird. Wir unterziehen alle Atemregler vor der Auslieferung einer strengen Pr\u00fcfung mit einem ANSTI-Ger\u00e4t. Wir testen den Ein- und Ausatmungswiderstand, die Atemarbeit und die Zwischendruckeinstellungen aller Atemregler. Auf diese Weise k\u00f6nnen wir unseren Kunden versichern, dass sie sich auf TUSA Atemregler f\u00fcr viele Jahre lang verlassen k\u00f6nnen. Diese Qualit\u00e4tskontrolle gilt nicht nur f\u00fcr Atemregler, sondern f\u00fcr jedes Tabata-Produkt.    <\/p>\n","protected":false},"excerpt":{"rendered":"<p>Firmenprofil Tabata Co., Ltd. ist ein internationaler Sportartikelhersteller mit Hauptsitz in Tokio, Japan. Mit ISO 9001-zertifizierten Design-, Entwicklungs-, Test- und Produktionsst\u00e4tten in Japan und Taiwan arbeitet Tabata nach den strengsten Qualit\u00e4tsstandards, die es gibt. Das globale Netzwerk von Tabata umfasst Einrichtungen in Japan, Taiwan, Australien, den Niederlanden und den Vereinigten Staaten. TUSA ist einer der&hellip;<\/p>\n","protected":false},"author":1,"featured_media":24763,"parent":0,"menu_order":0,"comment_status":"closed","ping_status":"closed","template":"","meta":{"_acf_changed":false,"footnotes":""},"class_list":["post-24762","page","type-page","status-publish","has-post-thumbnail","hentry"],"acf":[],"_links":{"self":[{"href":"https:\/\/tusa.viewsite.link\/de\/wp-json\/wp\/v2\/pages\/24762","targetHints":{"allow":["GET"]}}],"collection":[{"href":"https:\/\/tusa.viewsite.link\/de\/wp-json\/wp\/v2\/pages"}],"about":[{"href":"https:\/\/tusa.viewsite.link\/de\/wp-json\/wp\/v2\/types\/page"}],"author":[{"embeddable":true,"href":"https:\/\/tusa.viewsite.link\/de\/wp-json\/wp\/v2\/users\/1"}],"replies":[{"embeddable":true,"href":"https:\/\/tusa.viewsite.link\/de\/wp-json\/wp\/v2\/comments?post=24762"}],"version-history":[{"count":0,"href":"https:\/\/tusa.viewsite.link\/de\/wp-json\/wp\/v2\/pages\/24762\/revisions"}],"wp:featuredmedia":[{"embeddable":true,"href":"https:\/\/tusa.viewsite.link\/de\/wp-json\/wp\/v2\/media\/24763"}],"wp:attachment":[{"href":"https:\/\/tusa.viewsite.link\/de\/wp-json\/wp\/v2\/media?parent=24762"}],"curies":[{"name":"wp","href":"https:\/\/api.w.org\/{rel}","templated":true}]}}