{"id":24760,"date":"2024-05-31T14:00:38","date_gmt":"2024-05-31T14:00:38","guid":{"rendered":"https:\/\/tusa.viewsite.link\/bedingungen-und-konditionen\/"},"modified":"2024-05-31T14:00:38","modified_gmt":"2024-05-31T14:00:38","slug":"bedingungen-und-konditionen","status":"publish","type":"page","link":"https:\/\/tusa.viewsite.link\/de\/bedingungen-und-konditionen\/","title":{"rendered":"Bedingungen und Konditionen"},"content":{"rendered":"<p>Tabata USA, Inc. (&#8222;wir&#8220;, &#8222;wir&#8220; oder &#8222;unser&#8220;) betreibt die Website <a href=\"https:\/\/tusa.com\/\">https:\/\/tusa.com<\/a> (der &#8222;Dienst&#8220;).<\/p>\n<p>Diese Seite informiert Sie \u00fcber unsere Richtlinien bez\u00fcglich der Erfassung, Verwendung und Weitergabe personenbezogener Daten, wenn Sie unseren Service nutzen, sowie \u00fcber die Wahlm\u00f6glichkeiten, die Sie im Zusammenhang mit diesen Daten haben.<\/p>\n<p>Wir verwenden Ihre Daten, um den Service bereitzustellen und zu verbessern. Durch die Nutzung des Dienstes erkl\u00e4ren Sie sich mit der Erfassung und Verwendung von Informationen gem\u00e4\u00df dieser Richtlinie einverstanden. Sofern in dieser Datenschutzrichtlinie nicht anders definiert, haben die in dieser Datenschutzrichtlinie verwendeten Begriffe dieselbe Bedeutung wie in unseren Allgemeinen Gesch\u00e4ftsbedingungen, die Sie unter https:\/\/tusa.com einsehen k\u00f6nnen.  <\/p>\n<p>&nbsp;<\/p>\n<h4>Definitionen<\/h4>\n<h5>PERS\u00d6NLICHE DATEN<\/h5>\n<p>Personenbezogene Daten sind Daten \u00fcber eine lebende Person, die anhand dieser Daten (oder anhand dieser und anderer Informationen, die sich entweder in unserem Besitz befinden oder in unseren Besitz gelangen k\u00f6nnen) identifiziert werden kann.<\/p>\n<h5>ANWENDUNGSDATEN<\/h5>\n<p>Nutzungsdaten sind automatisch erfasste Daten, die entweder durch die Nutzung des Dienstes oder durch die Infrastruktur des Dienstes selbst generiert werden (z. B. die Dauer eines Seitenbesuchs).<\/p>\n<h5>COOKIES<\/h5>\n<p>Cookies sind kleine Dateneinheiten, die auf dem Ger\u00e4t eines Benutzers gespeichert werden.<\/p>\n<h5>DATENKONTROLLEUR<\/h5>\n<p>Datenverantwortlicher bezeichnet eine Person, die (entweder allein oder gemeinsam mit anderen Personen) die Zwecke und die Art und Weise der Verarbeitung personenbezogener Daten bestimmt.<\/p>\n<p>F\u00fcr die Zwecke dieser Datenschutzrichtlinie sind wir der Datenverantwortliche f\u00fcr Ihre Daten.<\/p>\n<h5>DATENVERARBEITER (ODER DIENSTANBIETER)<\/h5>\n<p>Datenverarbeiter (oder Dienstleister) bezeichnet jede Person (mit Ausnahme eines Mitarbeiters des f\u00fcr die Datenverarbeitung Verantwortlichen), die die Daten im Auftrag des f\u00fcr die Datenverarbeitung Verantwortlichen verarbeitet.<\/p>\n<p>Wir k\u00f6nnen die Dienste verschiedener Service Provider in Anspruch nehmen, um Ihre Daten effektiver zu verarbeiten.<\/p>\n<h5>DATENSUBJEKT<\/h5>\n<p>Betroffene Person ist jede lebende Person, die Gegenstand von pers\u00f6nlichen Daten ist.<\/p>\n<h5>BENUTZER<\/h5>\n<p>Der Nutzer ist die Person, die unseren Service nutzt. Der Nutzer entspricht dem Datensubjekt, das Gegenstand der pers\u00f6nlichen Daten ist. <\/p>\n<h4>Sammlung und Verwendung von Informationen<\/h4>\n<p>Wir sammeln verschiedene Arten von Informationen zu unterschiedlichen Zwecken, um unseren Service f\u00fcr Sie bereitzustellen und zu verbessern.<\/p>\n<h5>ARTEN VON ERFASSTEN DATEN<\/h5>\n<h5><em>PERS\u00d6NLICHE DATEN<\/em><\/h5>\n<p>W\u00e4hrend der Nutzung unseres Dienstes bitten wir Sie m\u00f6glicherweise, uns bestimmte personenbezogene Daten mitzuteilen, die dazu verwendet werden k\u00f6nnen, Sie zu kontaktieren oder zu identifizieren (&#8222;personenbezogene Daten&#8220;). Zu den personenbezogenen Daten k\u00f6nnen unter anderem geh\u00f6ren: <\/p>\n<p>&#8211; E-Mail-Adresse<br \/>\n&#8211; Vorname und Nachname<br \/>\n&#8211; Telefonnummer<br \/>\n&#8211; Adresse, Bundesland, Provinz, Postleitzahl, Ort<br \/>\n&#8211; Cookies und Nutzungsdaten<\/p>\n<p>Wir k\u00f6nnen Ihre pers\u00f6nlichen Daten verwenden, um Sie mit Newslettern, Marketing- oder Werbematerialien und anderen Informationen zu kontaktieren, die f\u00fcr Sie von Interesse sein k\u00f6nnten. Sie haben die M\u00f6glichkeit, den Erhalt einer oder aller dieser Mitteilungen von uns abzulehnen, indem Sie dem Abmeldelink oder den Anweisungen in jeder von uns gesendeten E-Mail folgen. <\/p>\n<h5><em>ANWENDUNGSDATEN<\/em><\/h5>\n<p>Wir k\u00f6nnen auch Informationen dar\u00fcber sammeln, wie auf den Dienst zugegriffen wird und wie er genutzt wird (&#8222;Nutzungsdaten&#8220;). Diese Nutzungsdaten k\u00f6nnen Informationen wie die Internetprotokolladresse Ihres Computers (z.B. IP-Adresse), den Browsertyp, die Browserversion, die von Ihnen besuchten Seiten unseres Dienstes, die Uhrzeit und das Datum Ihres Besuchs, die auf diesen Seiten verbrachte Zeit, eindeutige Ger\u00e4tekennungen und andere Diagnosedaten enthalten. <\/p>\n<h5><em>TRACKING-COOKIES DATEN<\/em><\/h5>\n<p>Wir verwenden Cookies und \u00e4hnliche Tracking-Technologien, um die Aktivit\u00e4ten in unserem Service zu verfolgen und bestimmte Informationen zu speichern.<\/p>\n<p>Cookies sind Dateien mit kleinen Datenmengen, die eine anonyme eindeutige Kennung enthalten k\u00f6nnen. Cookies werden von einer Website an Ihren Browser gesendet und auf Ihrem Ger\u00e4t gespeichert. Als Tracking-Technologien werden auch Beacons, Tags und Skripte verwendet, um Informationen zu sammeln und zu verfolgen und um unseren Service zu verbessern und zu analysieren.  <\/p>\n<p>Sie k\u00f6nnen Ihren Browser so einstellen, dass alle Cookies abgelehnt werden oder dass er anzeigt, wenn ein Cookie gesendet wird. Wenn Sie jedoch keine Cookies akzeptieren, k\u00f6nnen Sie m\u00f6glicherweise einige Teile unseres Service nicht nutzen. <\/p>\n<p>Beispiele f\u00fcr Cookies, die wir verwenden:<\/p>\n<p>&#8211; <strong>Sitzungs-Cookies.<\/strong> Wir verwenden Sitzungs-Cookies, um unseren Dienst zu betreiben.<br \/>\n&#8211; <strong>Pr\u00e4ferenz-Cookies.<\/strong> Wir verwenden Pr\u00e4ferenz-Cookies, um Ihre Pr\u00e4ferenzen und verschiedene Einstellungen zu speichern.<br \/>\n&#8211; <strong>Sicherheits-Cookies.<\/strong> Wir verwenden Sicherheits-Cookies f\u00fcr Sicherheitszwecke.<\/p>\n<h4>Verwendung von Daten<\/h4>\n<p>Tabata USA, Inc. verwendet die gesammelten Daten f\u00fcr verschiedene Zwecke:<\/p>\n<p>&#8211; Zur Bereitstellung und Pflege unseres Service<br \/>\n&#8211; Um Sie \u00fcber \u00c4nderungen an unserem Service zu informieren<br \/>\n&#8211; Um Ihnen die Teilnahme an interaktiven Funktionen unseres Dienstes zu erm\u00f6glichen, wenn Sie dies w\u00fcnschen<br \/>\n&#8211; Kundensupport bieten<br \/>\n&#8211; Um Analysen oder wertvolle Informationen zu sammeln, damit wir unseren Service verbessern k\u00f6nnen<br \/>\n&#8211; Um die Nutzung unseres Service zu \u00fcberwachen<br \/>\n&#8211; Um technische Probleme zu erkennen, zu verhindern und zu beheben<br \/>\n&#8211; Um Sie mit Neuigkeiten, Sonderangeboten und allgemeinen Informationen \u00fcber andere Waren, Dienstleistungen und Veranstaltungen zu versorgen, die wir anbieten und die denen \u00e4hnlich sind, die Sie bereits gekauft oder angefragt haben, es sei denn, Sie haben sich gegen den Erhalt solcher Informationen entschieden<\/p>\n<h4>Aufbewahrung von Daten<\/h4>\n<p>Tabata USA, Inc. wird Ihre pers\u00f6nlichen Daten nur so lange aufbewahren, wie es f\u00fcr die in dieser Datenschutzrichtlinie genannten Zwecke erforderlich ist. Wir werden Ihre pers\u00f6nlichen Daten in dem Ma\u00dfe aufbewahren und verwenden, wie es notwendig ist, um unseren rechtlichen Verpflichtungen nachzukommen (zum Beispiel, wenn wir Ihre Daten aufbewahren m\u00fcssen, um geltende Gesetze einzuhalten), Streitigkeiten beizulegen und unsere rechtlichen Vereinbarungen und Richtlinien durchzusetzen. <\/p>\n<p>Tabata USA, Inc. wird Nutzungsdaten auch f\u00fcr interne Analysezwecke aufbewahren. Nutzungsdaten werden im Allgemeinen f\u00fcr einen k\u00fcrzeren Zeitraum aufbewahrt, es sei denn, diese Daten werden verwendet, um die Sicherheit oder die Funktionalit\u00e4t unseres Dienstes zu verbessern, oder wir sind gesetzlich verpflichtet, diese Daten f\u00fcr l\u00e4ngere Zeitr\u00e4ume aufzubewahren. <\/p>\n<h4>\u00dcbertragung von Daten<\/h4>\n<p>Ihre Informationen, einschlie\u00dflich personenbezogener Daten, k\u00f6nnen an Computer au\u00dferhalb Ihres Staates, Ihrer Provinz, Ihres Landes oder einer anderen staatlichen Gerichtsbarkeit, in der andere Datenschutzgesetze als in Ihrer Gerichtsbarkeit gelten, \u00fcbertragen und dort gespeichert werden.<\/p>\n<p>Wenn Sie sich au\u00dferhalb der Vereinigten Staaten befinden und sich daf\u00fcr entscheiden, uns Informationen zur Verf\u00fcgung zu stellen, beachten Sie bitte, dass wir die Daten, einschlie\u00dflich personenbezogener Daten, in die Vereinigten Staaten \u00fcbermitteln und sie dort verarbeiten.<\/p>\n<p>Ihre Zustimmung zu dieser Datenschutzrichtlinie und die anschlie\u00dfende \u00dcbermittlung dieser Informationen stellt Ihr Einverst\u00e4ndnis mit dieser \u00dcbertragung dar.<\/p>\n<p>Tabata USA, Inc. wird alle angemessenen Schritte unternehmen, um sicherzustellen, dass Ihre Daten sicher und in \u00dcbereinstimmung mit dieser Datenschutzrichtlinie behandelt werden, und es wird keine \u00dcbermittlung Ihrer pers\u00f6nlichen Daten an eine Organisation oder ein Land stattfinden, es sei denn, es sind angemessene Kontrollen vorhanden, die die Sicherheit Ihrer Daten und anderer pers\u00f6nlicher Informationen umfassen.<\/p>\n<h4>Offenlegung von Daten<\/h4>\n<h5>OFFENLEGUNG F\u00dcR DIE STRAFVERFOLGUNG<\/h5>\n<p>Unter bestimmten Umst\u00e4nden kann Tabata USA, Inc. verpflichtet sein, Ihre pers\u00f6nlichen Daten offenzulegen, wenn dies gesetzlich vorgeschrieben ist oder als Reaktion auf berechtigte Anfragen von Beh\u00f6rden (z.B. einem Gericht oder einer Regierungsbeh\u00f6rde).<\/p>\n<h5>RECHTLICHE ANFORDERUNGEN<\/h5>\n<p>Tabata USA, Inc. kann Ihre pers\u00f6nlichen Daten in dem guten Glauben offenlegen, dass eine solche Ma\u00dfnahme notwendig ist, um:<\/p>\n<p>&#8211; Um einer gesetzlichen Verpflichtung nachzukommen<br \/>\n&#8211; Um die Rechte oder das Eigentum von Tabata USA, Inc. zu sch\u00fctzen und zu verteidigen<br \/>\n&#8211; Um m\u00f6gliches Fehlverhalten im Zusammenhang mit dem Dienst zu verhindern oder zu untersuchen<br \/>\n&#8211; Um die pers\u00f6nliche Sicherheit der Nutzer des Dienstes oder der \u00d6ffentlichkeit zu sch\u00fctzen<br \/>\n&#8211; Um sich vor rechtlicher Haftung zu sch\u00fctzen<\/p>\n<p>&nbsp;<\/p>\n<h4>Sicherheit der Daten<\/h4>\n<p>Die Sicherheit Ihrer Daten ist uns wichtig, aber denken Sie daran, dass keine Methode der \u00dcbertragung \u00fcber das Internet und keine Methode der elektronischen Speicherung 100% sicher ist. Obwohl wir uns bem\u00fchen, kommerziell akzeptable Mittel zum Schutz Ihrer pers\u00f6nlichen Daten einzusetzen, k\u00f6nnen wir deren absolute Sicherheit nicht garantieren. <\/p>\n<h4>&#8222;Do Not Track&#8220;-Signale<\/h4>\n<p>Wir unterst\u00fctzen Do Not Track (&#8222;DNT&#8220;) nicht. Do Not Track&#8220; ist eine Einstellung, die Sie in Ihrem Webbrowser vornehmen k\u00f6nnen, um Websites mitzuteilen, dass Sie nicht verfolgt werden m\u00f6chten. <\/p>\n<p>Sie k\u00f6nnen Do Not Track aktivieren oder deaktivieren, indem Sie die Seite Pr\u00e4ferenzen oder Einstellungen Ihres Webbrowsers aufrufen.<\/p>\n<h4>Ihre Rechte<\/h4>\n<p>Tabata USA, Inc. ist bestrebt, angemessene Ma\u00dfnahmen zu ergreifen, die es Ihnen erm\u00f6glichen, Ihre pers\u00f6nlichen Daten zu korrigieren, zu erg\u00e4nzen, zu l\u00f6schen oder deren Verwendung einzuschr\u00e4nken.<\/p>\n<p>Wann immer es m\u00f6glich ist, k\u00f6nnen Sie Ihre pers\u00f6nlichen Daten direkt in den Einstellungen Ihres Kontos aktualisieren. Wenn Sie Ihre pers\u00f6nlichen Daten nicht \u00e4ndern k\u00f6nnen, wenden Sie sich bitte an uns, um die erforderlichen \u00c4nderungen vorzunehmen. <\/p>\n<p>Wenn Sie wissen m\u00f6chten, welche pers\u00f6nlichen Daten wir \u00fcber Sie gespeichert haben und wenn Sie m\u00f6chten, dass diese aus unseren Systemen entfernt werden, kontaktieren Sie uns bitte.<\/p>\n<p>Unter bestimmten Umst\u00e4nden haben Sie das Recht:<\/p>\n<p>&#8211; Zugang zu den pers\u00f6nlichen Daten, die wir \u00fcber Sie gespeichert haben, und Erhalt einer Kopie dieser Daten<br \/>\n&#8211; Berichtigung aller pers\u00f6nlichen Daten, die wir \u00fcber Sie gespeichert haben und die unrichtig sind<br \/>\n&#8211; Beantragung der L\u00f6schung der \u00fcber Sie gespeicherten pers\u00f6nlichen Daten<\/p>\n<p>Sie haben das Recht auf Daten\u00fcbertragbarkeit f\u00fcr die Informationen, die Sie Tabata USA, Inc. zur Verf\u00fcgung stellen. Sie k\u00f6nnen beantragen, eine Kopie Ihrer pers\u00f6nlichen Daten in einem g\u00e4ngigen elektronischen Format zu erhalten, damit Sie diese verwalten und verschieben k\u00f6nnen. <\/p>\n<p>Bitte beachten Sie, dass wir Sie m\u00f6glicherweise auffordern, Ihre Identit\u00e4t zu \u00fcberpr\u00fcfen, bevor wir auf solche Anfragen antworten.<\/p>\n<h4>Anbieter von Dienstleistungen<\/h4>\n<p>Wir k\u00f6nnen Drittunternehmen und Einzelpersonen damit beauftragen, unseren Service zu erleichtern (&#8222;Service Provider&#8220;), den Service in unserem Namen bereitzustellen, servicebezogene Dienstleistungen zu erbringen oder uns bei der Analyse der Nutzung unseres Service zu unterst\u00fctzen.<\/p>\n<p>Diese Dritten haben nur Zugang zu Ihren pers\u00f6nlichen Daten, um diese Aufgaben in unserem Auftrag zu erf\u00fcllen, und sind verpflichtet, sie nicht weiterzugeben oder f\u00fcr andere Zwecke zu verwenden.<\/p>\n<h5>ANALYTIK<\/h5>\n<p>Wir k\u00f6nnen Drittanbieter einsetzen, um die Nutzung unseres Dienstes zu \u00fcberwachen und zu analysieren.<\/p>\n<blockquote><p><strong>Google Analytics<\/strong><\/p>\n<p>Google Analytics ist ein von Google angebotener Webanalysedienst, der den Website-Verkehr verfolgt und berichtet. Google verwendet die gesammelten Daten, um die Nutzung unseres Dienstes zu verfolgen und zu \u00fcberwachen. Diese Daten werden mit anderen Google-Diensten geteilt. Google kann die gesammelten Daten verwenden, um die Anzeigen des eigenen Werbenetzwerks zu kontextualisieren und zu personalisieren.   <\/p>\n<p>Sie k\u00f6nnen sich dagegen wehren, dass Ihre Aktivit\u00e4ten auf dem Service Google Analytics zur Verf\u00fcgung gestellt werden, indem Sie das Browser-Add-on Google Analytics opt-out installieren. Das Add-on verhindert, dass das Google Analytics JavaScript (ga.js, analytics.js und dc.js) Informationen \u00fcber die Besuchsaktivit\u00e4ten mit Google Analytics austauscht. <\/p>\n<p>Weitere Informationen \u00fcber die Datenschutzpraktiken von Google finden Sie auf der Webseite mit den Datenschutzbestimmungen von Google: <a href=\"https:\/\/www.google.com\/intl\/en\/policies\/privacy\/\" target=\"_blank\" rel=\"noopener\">http:\/\/www.google.com\/intl\/en\/policies\/privacy\/<\/a><\/p><\/blockquote>\n<p>&nbsp;<\/p>\n<h5>PAYMENTS<\/h5>\n<p>Wir k\u00f6nnen im Rahmen des Dienstes kostenpflichtige Produkte und\/oder Dienstleistungen anbieten. In diesem Fall nutzen wir Dienstleistungen Dritter f\u00fcr die Zahlungsabwicklung (z.B. Zahlungsabwickler). <\/p>\n<p>Wir speichern oder erfassen Ihre Zahlungskartendaten nicht. Diese Informationen werden direkt an unsere externen Zahlungsabwickler weitergegeben, deren Verwendung Ihrer pers\u00f6nlichen Daten durch deren Datenschutzrichtlinien geregelt ist. Diese Zahlungsabwickler halten sich an die vom PCI-DSS festgelegten Standards, die vom PCI Security Standards Council verwaltet werden, einer gemeinsamen Initiative von Marken wie Visa, Mastercard, American Express und Discover. Die PCI-DSS-Anforderungen tragen dazu bei, die sichere Handhabung von Zahlungsinformationen zu gew\u00e4hrleisten.   <\/p>\n<p>Die Zahlungsabwickler, mit denen wir zusammenarbeiten, sind:<\/p>\n<blockquote><p><strong>PayPal<br \/>\n<\/strong>Die Datenschutzbestimmungen k\u00f6nnen unter <a href=\"https:\/\/www.paypal.com\/webapps\/mpp\/ua\/privacy-full\" target=\"_blank\" rel=\"noopener\">https:\/\/www.paypal.com\/webapps\/mpp\/ua\/privacy-full<\/a><\/p>\n<p><strong>United Merchant Services, Inc.<br \/>\n<\/strong>eingesehen werden. Die Datenschutzbestimmungen k\u00f6nnen unter <a href=\"http:\/\/www.unitedmerchant.com\/Info\/Privacy\" target=\"_blank\" rel=\"noopener\">http:\/\/www.unitedmerchant.com\/Info\/Privacy<\/a> eingesehen werden.<\/p><\/blockquote>\n<p>&nbsp;<\/p>\n<h4>Links zu anderen Websites<\/h4>\n<p>Unser Service kann Links zu anderen Websites enthalten, die nicht von uns betrieben werden. Wenn Sie auf einen Link eines Dritten klicken, werden Sie auf die Seite dieses Dritten weitergeleitet. Wir raten Ihnen dringend, die Datenschutzrichtlinien jeder Seite, die Sie besuchen, zu lesen.  <\/p>\n<p>Wir haben keine Kontrolle \u00fcber und \u00fcbernehmen keine Verantwortung f\u00fcr den Inhalt, die Datenschutzrichtlinien oder die Praktiken von Websites oder Diensten Dritter.<\/p>\n<h4>Datenschutz f\u00fcr Kinder<\/h4>\n<p>Unser Service richtet sich nicht an Personen unter 13 Jahren (&#8222;Kinder&#8220;).<\/p>\n<p>Wir sammeln nicht wissentlich personenbezogene Daten von Personen unter 13 Jahren. Wenn Sie ein Elternteil oder Erziehungsberechtigter sind und wissen, dass Ihre Kinder uns personenbezogene Daten zur Verf\u00fcgung gestellt haben, kontaktieren Sie uns bitte. Wenn wir erfahren, dass wir personenbezogene Daten von Kindern ohne \u00dcberpr\u00fcfung der elterlichen Zustimmung erfasst haben, ergreifen wir Ma\u00dfnahmen, um diese Daten von unseren Servern zu entfernen.  <\/p>\n<h4>\u00c4nderungen an dieser Datenschutzrichtlinie<\/h4>\n<p>Wir k\u00f6nnen unsere Datenschutzrichtlinie von Zeit zu Zeit aktualisieren.<\/p>\n<p>Wir empfehlen Ihnen, diese Datenschutzrichtlinie regelm\u00e4\u00dfig auf \u00c4nderungen zu \u00fcberpr\u00fcfen. \u00c4nderungen an dieser Datenschutzerkl\u00e4rung werden wirksam, wenn sie auf dieser Seite ver\u00f6ffentlicht werden. <\/p>\n<p>Diese Datenschutzrichtlinie wurde zuletzt am 8. Mai 2018 aktualisiert.<\/p>\n<h4>Kontaktieren Sie uns<\/h4>\n<p>Wenn Sie Fragen zu dieser Datenschutzrichtlinie haben, kontaktieren Sie uns bitte:<\/p>\n<p>Per E-Mail: <a href=\"mailto:info@tusa.com\">info@tusa.com<\/a><\/p>\n","protected":false},"excerpt":{"rendered":"<p>Tabata USA, Inc. (&#8222;wir&#8220;, &#8222;wir&#8220; oder &#8222;unser&#8220;) betreibt die Website https:\/\/tusa.com (der &#8222;Dienst&#8220;). Diese Seite informiert Sie \u00fcber unsere Richtlinien bez\u00fcglich der Erfassung, Verwendung und Weitergabe personenbezogener Daten, wenn Sie unseren Service nutzen, sowie \u00fcber die Wahlm\u00f6glichkeiten, die Sie im Zusammenhang mit diesen Daten haben. Wir verwenden Ihre Daten, um den Service bereitzustellen und zu&hellip;<\/p>\n","protected":false},"author":1,"featured_media":24761,"parent":0,"menu_order":0,"comment_status":"closed","ping_status":"closed","template":"","meta":{"_acf_changed":false,"footnotes":""},"class_list":["post-24760","page","type-page","status-publish","has-post-thumbnail","hentry"],"acf":[],"_links":{"self":[{"href":"https:\/\/tusa.viewsite.link\/de\/wp-json\/wp\/v2\/pages\/24760","targetHints":{"allow":["GET"]}}],"collection":[{"href":"https:\/\/tusa.viewsite.link\/de\/wp-json\/wp\/v2\/pages"}],"about":[{"href":"https:\/\/tusa.viewsite.link\/de\/wp-json\/wp\/v2\/types\/page"}],"author":[{"embeddable":true,"href":"https:\/\/tusa.viewsite.link\/de\/wp-json\/wp\/v2\/users\/1"}],"replies":[{"embeddable":true,"href":"https:\/\/tusa.viewsite.link\/de\/wp-json\/wp\/v2\/comments?post=24760"}],"version-history":[{"count":0,"href":"https:\/\/tusa.viewsite.link\/de\/wp-json\/wp\/v2\/pages\/24760\/revisions"}],"wp:featuredmedia":[{"embeddable":true,"href":"https:\/\/tusa.viewsite.link\/de\/wp-json\/wp\/v2\/media\/24761"}],"wp:attachment":[{"href":"https:\/\/tusa.viewsite.link\/de\/wp-json\/wp\/v2\/media?parent=24760"}],"curies":[{"name":"wp","href":"https:\/\/api.w.org\/{rel}","templated":true}]}}