{"id":24750,"date":"2024-08-13T13:12:06","date_gmt":"2024-08-13T13:12:06","guid":{"rendered":"https:\/\/tusa.viewsite.link\/produkt-videos\/"},"modified":"2024-08-13T13:12:06","modified_gmt":"2024-08-13T13:12:06","slug":"produkt-videos","status":"publish","type":"page","link":"https:\/\/tusa.viewsite.link\/de\/produkt-videos\/","title":{"rendered":"Produkt Videos"},"content":{"rendered":"<div class=\"container\">\n<div class=\"row\">\n<div class=\"col-md-12\">\n<div style=\"width: 292px; padding-bottom: 10px; padding-top: 10px; padding-right: 8px; float: left;\">\n<div class=\"techheader2\">TC-1 Ersatz-Tauchcomputerarmband (nur f\u00fcr H\u00e4ndler)<\/div>\n<div><iframe loading=\"lazy\" src=\"https:\/\/www.youtube.com\/embed\/nesKOCV1zeQ?rel=0\" width=\"240\" height=\"135\" frameborder=\"0\"><\/iframe><\/div>\n<\/div>\n<div style=\"width: 292px; padding-bottom: 10px; padding-top: 10px; padding-right: 8px; float: left;\">\n<div class=\"techheader2\">Intega Maske &#8211; Ersatzglas (nur f\u00fcr H\u00e4ndler)<\/div>\n<div><iframe loading=\"lazy\" src=\"https:\/\/www.youtube.com\/embed\/6Df7eHYqvw4?rel=0\" width=\"240\" height=\"135\" frameborder=\"0\"><\/iframe><\/div>\n<\/div>\n<div style=\"width: 292px; padding-bottom: 10px; padding-top: 10px; padding-right: 8px; float: left;\">\n<div class=\"techheader2\">Pflege der Tauchausr\u00fcstung<\/div>\n<div><iframe loading=\"lazy\" src=\"https:\/\/www.youtube.com\/embed\/MuOUmi2GJfs\" width=\"240\" height=\"135\" frameborder=\"0\"><\/iframe><\/div>\n<\/div>\n<div style=\"width: 292px; padding-bottom: 10px; padding-top: 10px; padding-right: 8px; float: left;\">\n<div class=\"techheader2\">Intega Maske &#8211; Passform<\/div>\n<div><iframe loading=\"lazy\" src=\"https:\/\/www.youtube.com\/embed\/wgxXcIRbX88?rel=0\" width=\"240\" height=\"135\" frameborder=\"0\"><\/iframe><\/div>\n<\/div>\n<div style=\"width: 292px; padding-bottom: 10px; padding-top: 10px; padding-right: 8px; float: left;\">\n<div class=\"techheader2\">Intega Mask &#8211; Forschung &amp; Entwicklung<\/div>\n<div><iframe loading=\"lazy\" src=\"https:\/\/www.youtube.com\/embed\/WUbAoivS1fY?rel=0\" width=\"240\" height=\"135\" frameborder=\"0\"><\/iframe><\/div>\n<\/div>\n<div style=\"width: 292px; padding-bottom: 10px; padding-top: 10px; padding-right: 8px; float: left;\">\n<div class=\"techheader2\">Intega Maskenband-Ersatz (nur f\u00fcr H\u00e4ndler)<\/div>\n<div><iframe loading=\"lazy\" src=\"https:\/\/www.youtube.com\/embed\/QzzqBy4Iul4?rel=0\" width=\"240\" height=\"135\" frameborder=\"0\"><\/iframe><\/div>\n<\/div>\n<div style=\"width: 292px; padding-bottom: 10px; padding-top: 10px; padding-right: 8px; float: left;\">\n<div class=\"techheader2\">TUSA Tina BC Produkteigenschaften<\/div>\n<div><iframe loading=\"lazy\" src=\"https:\/\/www.youtube.com\/embed\/09zpVGJimpQ?rel=0\" width=\"240\" height=\"135\" frameborder=\"0\"><\/iframe><\/div>\n<\/div>\n<div style=\"width: 292px; padding-bottom: 10px; padding-top: 10px; padding-right: 8px; float: left;\">\n<div class=\"techheader2\">TUSA Paragon S Auspacken<\/div>\n<div><iframe loading=\"lazy\" src=\"https:\/\/www.youtube.com\/embed\/sLplaBUPHvw?rel=0\" width=\"240\" height=\"135\" frameborder=\"0\"><\/iframe><\/div>\n<\/div>\n<div style=\"width: 292px; padding-bottom: 10px; padding-top: 10px; padding-right: 8px; float: left;\">\n<div class=\"techheader2\">TUSA Freedom Film Installation<\/div>\n<div><iframe loading=\"lazy\" src=\"https:\/\/www.youtube.com\/embed\/fnRJz5V-WRg?rel=0\" width=\"240\" height=\"135\" frameborder=\"0\"><\/iframe><\/div>\n<\/div>\n<div style=\"width: 292px; padding-bottom: 10px; padding-top: 10px; padding-right: 8px; float: left;\">\n<div class=\"techheader2\">TUSA Sport Schnorcheln Tipps f\u00fcr Anf\u00e4nger<\/div>\n<div><iframe loading=\"lazy\" src=\"https:\/\/www.youtube.com\/embed\/videoseries?list=PLQHALiTNYe8Kal_h4JPehKUAYFy56whio\" width=\"240\" height=\"135\" frameborder=\"0\"><\/iframe><\/div>\n<\/div>\n<div style=\"width: 292px; padding-bottom: 10px; padding-top: 10px; padding-right: 8px; float: left;\">\n<div class=\"techheader2\">TUSA HyFlex System<\/div>\n<div><iframe loading=\"lazy\" src=\"https:\/\/www.youtube.com\/embed\/wYIPleYPYac?rel=0\" width=\"240\" height=\"135\" frameborder=\"0\"><\/iframe><\/div>\n<\/div>\n<div style=\"width: 292px; padding-bottom: 10px; padding-top: 10px; padding-right: 8px; float: left;\">\n<div class=\"techheader2\">TUSA Universal Bungee Strap<\/div>\n<div><iframe loading=\"lazy\" src=\"https:\/\/www.youtube.com\/embed\/NiPVLdrU61w?rel=0\" width=\"240\" height=\"135\" frameborder=\"0\"><\/iframe><\/div>\n<\/div>\n<div style=\"width: 292px; padding-bottom: 10px; padding-top: 10px; padding-right: 8px; float: left;\">\n<div class=\"techheader2\">TUSA Tina BC Tester Wahl<\/div>\n<div><iframe loading=\"lazy\" src=\"https:\/\/www.youtube.com\/embed\/Jx7rurrbyuE?rel=0\" width=\"240\" height=\"135\" frameborder=\"0\"><\/iframe><\/div>\n<\/div>\n<div style=\"width: 292px; padding-bottom: 10px; padding-top: 10px; padding-right: 8px; float: left;\">\n<div class=\"techheader2\">TUSA Paragon Tauchermaske<\/div>\n<div><iframe loading=\"lazy\" src=\"https:\/\/www.youtube.com\/embed\/f48_OwqjGSo?rel=0\" width=\"240\" height=\"135\" frameborder=\"0\"><\/iframe><\/div>\n<\/div>\n<div style=\"width: 292px; padding-bottom: 10px; padding-top: 10px; padding-right: 8px; float: left;\">\n<div class=\"techheader2\">TUSA Paragon Ersatzgl\u00e4ser (nur f\u00fcr H\u00e4ndler)<\/div>\n<div><iframe loading=\"lazy\" src=\"\/\/www.youtube.com\/embed\/G7adH3GJOVM?rel=0\" width=\"240\" height=\"135\" frameborder=\"0\" allowfullscreen=\"allowfullscreen\"><\/iframe><\/div>\n<\/div>\n<div style=\"width: 292px; padding-bottom: 10px; padding-top: 10px; padding-right: 8px; float: left;\">\n<div class=\"techheader2\">Freedom Tri-Quest Auswahl der Testpersonen<\/div>\n<div><iframe loading=\"lazy\" src=\"https:\/\/www.youtube.com\/embed\/2IMa15QXHyk?rel=0\" width=\"240\" height=\"135\" frameborder=\"0\"><\/iframe><\/div>\n<\/div>\n<div style=\"width: 292px; padding-bottom: 10px; padding-top: 10px; padding-right: 8px; float: left;\">\n<div class=\"techheader2\">TUSA HyFlex Schaltertester Auswahl<\/div>\n<div><iframe loading=\"lazy\" src=\"https:\/\/www.youtube.com\/embed\/6hb9Me0sqU8?rel=0\" width=\"240\" height=\"135\" frameborder=\"0\"><\/iframe><\/div>\n<\/div>\n<div style=\"width: 292px; padding-bottom: 10px; padding-top: 10px; padding-right: 8px; float: left;\">\n<div class=\"techheader2\">TUSA DC Solar Link IQ1204 Benutzerhandbuch<\/div>\n<div><iframe loading=\"lazy\" src=\"https:\/\/www.youtube.com\/embed\/videoseries?list=PLQHALiTNYe8KGHvM3eU-dlbmq0p6SrrlU&amp;controls=0\" width=\"240\" height=\"135\" frameborder=\"0\" allowfullscreen=\"allowfullscreen\"><\/iframe><\/div>\n<\/div>\n<div style=\"width: 292px; padding-bottom: 10px; padding-top: 10px; padding-right: 8px; float: left;\">\n<div class=\"techheader2\">TUSA SF0104 HYFLEX SCHALTER<\/div>\n<div><iframe loading=\"lazy\" src=\"\/\/www.youtube.com\/embed\/yIhCxh88mig\" width=\"240\" height=\"135\" frameborder=\"0\" allowfullscreen=\"allowfullscreen\"><\/iframe><\/div>\n<\/div>\n<div style=\"width: 292px; padding-bottom: 10px; padding-top: 10px; padding-right: 8px; float: left;\">\n<div class=\"techheader2\">TUSA Liberator Plus Ersatzgl\u00e4ser (nur f\u00fcr H\u00e4ndler)<\/div>\n<div><iframe loading=\"lazy\" src=\"\/\/www.youtube.com\/embed\/DM_4D38yu0Y?rel=0\" width=\"240\" height=\"135\" frameborder=\"0\" allowfullscreen=\"allowfullscreen\"><\/iframe><\/div>\n<\/div>\n<div style=\"width: 292px; padding-bottom: 10px; padding-top: 10px; padding-right: 8px; float: left;\">\n<div class=\"techheader2\">2016 TUSA KATALOG ERSTELLEN<\/div>\n<div><iframe loading=\"lazy\" src=\"\/\/www.youtube.com\/embed\/KnparBueVYc\" width=\"240\" height=\"135\" frameborder=\"0\" allowfullscreen=\"allowfullscreen\"><\/iframe><\/div>\n<\/div>\n<div style=\"width: 292px; padding-bottom: 10px; padding-top: 10px; padding-right: 8px; float: left;\">\n<div class=\"techheader2\">2014 A.P.A. (Active Purge Assist)<\/div>\n<div><iframe loading=\"lazy\" src=\"\/\/www.youtube.com\/embed\/K-rLwq6V9fk\" width=\"240\" height=\"135\" frameborder=\"0\" allowfullscreen=\"allowfullscreen\"><\/iframe><\/div>\n<\/div>\n<div style=\"width: 292px; padding-bottom: 10px; padding-top: 10px; padding-right: 8px; float: left;\">\n<div class=\"techheader2\">2014 A.W.L.S. II  [UPDATE]<\/div>\n<div><iframe loading=\"lazy\" src=\"\/\/www.youtube.com\/embed\/fgiqlEosuPc\" width=\"240\" height=\"135\" frameborder=\"0\" allowfullscreen=\"allowfullscreen\"><\/iframe><\/div>\n<\/div>\n<div style=\"width: 292px; padding-bottom: 10px; padding-top: 10px; padding-right: 8px; float: left;\">\n<div class=\"techheader2\">2014 TUSA NEUE PRODUKTE<\/div>\n<div><iframe loading=\"lazy\" src=\"\/\/www.youtube.com\/embed\/Zyj922NAzoU\" width=\"240\" height=\"135\" frameborder=\"0\" allowfullscreen=\"allowfullscreen\"><\/iframe><\/div>\n<\/div>\n<div style=\"width: 292px; padding-bottom: 10px; padding-top: 10px; padding-right: 8px; float: left;\">\n<div class=\"techheader2\">M-212\/M-28 Maskengl\u00e4ser Ersatz<\/div>\n<div><iframe loading=\"lazy\" src=\"\/\/www.youtube.com\/embed\/JQpC20TIhk8?rel=0\" width=\"240\" height=\"135\" frameborder=\"0\" allowfullscreen=\"allowfullscreen\"><\/iframe><\/div>\n<\/div>\n<div style=\"width: 292px; padding-bottom: 10px; padding-top: 10px; padding-right: 8px; float: left;\">\n<div class=\"techheader2\">Freiheit Film<\/div>\n<div><iframe loading=\"lazy\" src=\"\/\/www.youtube.com\/embed\/HwJl8ghq1XI?rel=0\" width=\"240\" height=\"135\" frameborder=\"0\" allowfullscreen=\"allowfullscreen\"><\/iframe><\/div>\n<\/div>\n<div style=\"width: 292px; padding-bottom: 10px; padding-top: 10px; padding-right: 8px; float: left;\">\n<div class=\"techheader2\">TUSA Schnorchel Installation<\/div>\n<div><iframe loading=\"lazy\" src=\"\/\/www.youtube.com\/embed\/fvYuVCvw64w?rel=0\" width=\"240\" height=\"135\" frameborder=\"0\" allowfullscreen=\"allowfullscreen\"><\/iframe><\/div>\n<\/div>\n<div style=\"width: 292px; padding-bottom: 10px; padding-top: 10px; padding-right: 8px; float: left;\">\n<div class=\"techheader2\">Freedom One Maske<\/div>\n<div><iframe loading=\"lazy\" src=\"\/\/www.youtube.com\/embed\/tsi3J7Alj_k?rel=0\" width=\"240\" height=\"135\" frameborder=\"0\" allowfullscreen=\"allowfullscreen\"><\/iframe><\/div>\n<\/div>\n<div style=\"width: 292px; padding-bottom: 10px; padding-top: 10px; padding-right: 8px; float: left;\">\n<div class=\"techheader2\">Eine neue Dimension erwartet Sie&#8230;<\/div>\n<div><iframe loading=\"lazy\" src=\"\/\/www.youtube.com\/embed\/eToZ1eRBnqo?rel=0\" width=\"240\" height=\"135\" frameborder=\"0\" allowfullscreen=\"allowfullscreen\"><\/iframe><\/div>\n<\/div>\n<div style=\"width: 292px; padding-bottom: 10px; padding-top: 10px; padding-right: 8px; float: left;\">\n<div class=\"techheader2\">RS-860 Regulator<\/div>\n<div><iframe loading=\"lazy\" src=\"\/\/www.youtube.com\/embed\/oivDqr7joYQ?rel=0\" width=\"240\" height=\"135\" frameborder=\"0\" allowfullscreen=\"allowfullscreen\"><\/iframe><\/div>\n<\/div>\n<div style=\"width: 292px; padding-bottom: 10px; padding-top: 10px; padding-right: 8px; float: left;\">\n<div class=\"techheader2\">BCJ RiteTite Schnalle<\/div>\n<div><iframe loading=\"lazy\" src=\"\/\/www.youtube.com\/embed\/LfdxINLVDdY\" width=\"240\" height=\"135\" frameborder=\"0\" allowfullscreen=\"allowfullscreen\"><\/iframe><\/div>\n<\/div>\n<\/div>\n<\/div>\n<\/div>\n","protected":false},"excerpt":{"rendered":"<p>TC-1 Ersatz-Tauchcomputerarmband (nur f\u00fcr H\u00e4ndler) Intega Maske &#8211; Ersatzglas (nur f\u00fcr H\u00e4ndler) Pflege der Tauchausr\u00fcstung Intega Maske &#8211; Passform Intega Mask &#8211; Forschung &amp; Entwicklung Intega Maskenband-Ersatz (nur f\u00fcr H\u00e4ndler) TUSA Tina BC Produkteigenschaften TUSA Paragon S Auspacken TUSA Freedom Film Installation TUSA Sport Schnorcheln Tipps f\u00fcr Anf\u00e4nger TUSA HyFlex System TUSA Universal Bungee Strap&hellip;<\/p>\n","protected":false},"author":1,"featured_media":24751,"parent":0,"menu_order":0,"comment_status":"closed","ping_status":"closed","template":"","meta":{"_acf_changed":false,"footnotes":""},"class_list":["post-24750","page","type-page","status-publish","has-post-thumbnail","hentry"],"acf":[],"_links":{"self":[{"href":"https:\/\/tusa.viewsite.link\/de\/wp-json\/wp\/v2\/pages\/24750","targetHints":{"allow":["GET"]}}],"collection":[{"href":"https:\/\/tusa.viewsite.link\/de\/wp-json\/wp\/v2\/pages"}],"about":[{"href":"https:\/\/tusa.viewsite.link\/de\/wp-json\/wp\/v2\/types\/page"}],"author":[{"embeddable":true,"href":"https:\/\/tusa.viewsite.link\/de\/wp-json\/wp\/v2\/users\/1"}],"replies":[{"embeddable":true,"href":"https:\/\/tusa.viewsite.link\/de\/wp-json\/wp\/v2\/comments?post=24750"}],"version-history":[{"count":0,"href":"https:\/\/tusa.viewsite.link\/de\/wp-json\/wp\/v2\/pages\/24750\/revisions"}],"wp:featuredmedia":[{"embeddable":true,"href":"https:\/\/tusa.viewsite.link\/de\/wp-json\/wp\/v2\/media\/24751"}],"wp:attachment":[{"href":"https:\/\/tusa.viewsite.link\/de\/wp-json\/wp\/v2\/media?parent=24750"}],"curies":[{"name":"wp","href":"https:\/\/api.w.org\/{rel}","templated":true}]}}