{"id":24746,"date":"2024-08-13T13:05:20","date_gmt":"2024-08-13T13:05:20","guid":{"rendered":"https:\/\/tusa.viewsite.link\/garantie-politik\/"},"modified":"2024-08-13T13:05:20","modified_gmt":"2024-08-13T13:05:20","slug":"garantie-politik","status":"publish","type":"page","link":"https:\/\/tusa.viewsite.link\/de\/garantie-politik\/","title":{"rendered":"Garantie Politik"},"content":{"rendered":"<h3 class=\"heading-primary mb-none\">TUSA BESCHR\u00c4NKTE GARANTIE &#8211; NUR F\u00dcR U.S.A. KUNDEN<\/h3>\n<p>&nbsp;<\/p>\n<p>Diese Garantie beschr\u00e4nkt die Dauer und ersetzt alle stillschweigenden Garantien oder Garantien, die mit TABATA USA-Produkten verpackt sein k\u00f6nnen. Ansonsten ist TABATA USA bestrebt, die gesetzlichen Mindeststandards f\u00fcr eine vollst\u00e4ndige Garantie gem\u00e4\u00df Federal Warranty Act, Public Law #93-637, vom 4. Januar 1975 zu erf\u00fcllen.<\/p>\n<p><strong>GARANTIE<\/strong>: TABATA USA garantiert dem K\u00e4ufer, dem Verbraucher, dass die von TABATA USA hergestellten oder vertriebenen Produkte frei von Material- und Verarbeitungsfehlern sind, wie im Folgenden beschrieben:<\/p>\n<p><strong>1 JAHR GARANTIE<\/strong>: Stiefel, Handschuhe, Messer, Objektive, Taschen, analoge Messger\u00e4te, Scooter\/DPV, Zubeh\u00f6r, Blitzlichter und Schwimmbrillen<\/p>\n<p><strong>1 JAHR GARANTIE<\/strong>: Computer\/Instrumente<\/p>\n<p><strong>3 JAHRE GARANTIE<\/strong>: Masken, Flossen und Schnorchel, IQ1204 DC Solar Link Tauchcomputer*<\/p>\n<p><strong>BEGRENZTE LEBENSDAUER<\/strong>: Atemregler und BC Jackets (nur auf Luftn\u00e4hte)<\/p>\n<p><strong>VERMIETUNG\/GEWERBLICHE NUTZUNG<\/strong>: F\u00fcr Produkte, die im Rahmen einer Vermietung oder zu gewerblichen Zwecken verwendet werden, gilt eine Garantie von 1 Jahr (12 Monaten) ab Kaufdatum.<\/p>\n<p><strong>EINSCHR\u00c4NKUNGEN DER GARANTIE<\/strong>: Diese Garantie erstreckt sich nicht auf Oberfl\u00e4chen und deckt auch keine Sch\u00e4den ab, die durch Unf\u00e4lle, unsachgem\u00e4\u00dfen Gebrauch, Missbrauch, Schmutz, Wasser, Auslaufen der Batterien, Manipulationen oder durch nicht autorisierte Servicestellen oder Personen durchgef\u00fchrte oder versuchte Wartungsarbeiten entstanden sind.<\/p>\n<p>Instrumente: Die Garantie erstreckt sich nicht auf Manometerschutzvorrichtungen, Gummistiefel, Hochdruckschl\u00e4uche, O-Ringe, Batterien, Korrosion oder Chromverlust.<\/p>\n<p>*IQ1204 DC Solar Link Tauchcomputer: Nur Hardware. Nur f\u00fcr die Vereinigten Staaten und Kanada. <\/p>\n<p>Atemregler: Die Garantie erstreckt sich nicht auf LP-Schl\u00e4uche, O-Ringe, Mundst\u00fccke, Risse aufgrund von Missbrauch, Gummiverschlei\u00df durch \u00fcberm\u00e4\u00dfige Exposition oder mangelnde Wartung, Chromverlust oder Korrosion.<\/p>\n<p>Jacken mit Auftriebskompensation: Die Garantie erstreckt sich nicht auf Materialabrieb, Einstiche, Schnitte oder De-Laminierung aufgrund von Chlorexposition.<\/p>\n<p>Scooter\/DPV: Die Garantie deckt keine Sch\u00e4den ab, die durch Missbrauch oder Auslaufen des Akkus verursacht wurden. Die Garantie f\u00fcr das Ladeger\u00e4t und die Batterie ist auf 90 Tage ab dem urspr\u00fcnglichen Kaufdatum begrenzt. <\/p>\n<p>&nbsp;<\/p>\n<p><strong>VERANTWORTUNG DES VERTRAGSH\u00c4NDLERS<\/strong>: Die alleinige Verantwortung des autorisierten H\u00e4ndlers f\u00fcr die Einleitung von Abhilfema\u00dfnahmen und\/oder eines Abwicklungsverfahrens im Rahmen dieser Garantie besteht darin, TABATA USA unter der unten aufgef\u00fchrten Adresse schriftlich\/telefonisch \u00fcber das Bestehen und die Art des Garantieanspruchs des Verbrauchers zu informieren, das betroffene Produkt oder die betroffenen Produkte (oder Teile davon) durch die Seriennummer, die Modellnummer oder andere Faktoren zu spezifizieren, die es TABATA USA erm\u00f6glichen, das betroffene Produkt zu identifizieren, und den erforderlichen Kaufnachweis vorzulegen. Nach Erhalt einer solchen Mitteilung wird TABATA USA dem Verbraucher\/H\u00e4ndler mitteilen, ob oder wohin er das Produkt oder die Produkte (oder Teile davon) zur \u00dcberpr\u00fcfung, Reparatur, zum Austausch oder gegebenenfalls zur R\u00fcckerstattung schicken soll. Wenn festgestellt wird, dass das Produkt oder die Produkte (oder Teile davon) den Bedingungen dieser ausdr\u00fccklichen Garantie entsprechen, \u00fcbernimmt TABATA USA alle angemessenen und ordnungsgem\u00e4\u00dfen Nebenkosten f\u00fcr den Versand (Verpackungs-, Versand- und\/oder Postgeb\u00fchren).<\/p>\n<p><strong>RECHTSMITTEL BEI VERLETZUNG DER GARANTIE<\/strong>: Die Rechtsmittel bei Verletzung der Garantie sind hierin festgelegt. Diese Garantie erstreckt sich nicht auf die Haftung von TABATA USA f\u00fcr indirekte oder Folgesch\u00e4den, die sich aus der Verletzung dieser Garantie ergeben, und soll diese ausschlie\u00dfen, sei es im Rahmen dieser Garantie oder einer gesetzlich vorgeschriebenen Garantie. Bestimmte Aspekte der Haftungsausschl\u00fcsse sind nicht auf Verbraucherprodukte anwendbar; z.B. (a) erlauben einige Staaten nicht den Ausschluss oder die Beschr\u00e4nkung von beil\u00e4ufigen Sch\u00e4den oder Folgesch\u00e4den aufgrund einer Verletzung dieser Bestimmungen. Bestimmte Aspekte von Haftungsausschl\u00fcssen sind nicht auf Verbraucherprodukte anwendbar; z.B. (a) erlauben einige Staaten nicht den Ausschluss oder die Beschr\u00e4nkung von Neben- oder Folgesch\u00e4den aufgrund von Verst\u00f6\u00dfen gegen diese Bestimmungen oder dergleichen. Bestimmte Aspekte von Haftungsausschl\u00fcssen sind nicht auf Verbraucherprodukte anwendbar; z.B. (a) erlauben einige Staaten nicht den Ausschluss oder die Beschr\u00e4nkung von zuf\u00e4lligen Sch\u00e4den oder Folgesch\u00e4den aufgrund von Verst\u00f6\u00dfen gegen diese Bestimmungen. Bestimmte Aspekte der Haftungsausschl\u00fcsse sind nicht auf Verbraucherprodukte anwendbar; z.B. (a) erlauben einige Staaten nicht den Ausschluss oder die Beschr\u00e4nkung oder der Ausschluss gilt m\u00f6glicherweise nicht f\u00fcr Sie.     <\/p>\n<p><strong>TABATA USA, INC. VERANTWORTUNG <\/strong>: TABATA USA, Inc.Die Verantwortung von TABATA USA, Inc. besteht darin, Produkte (oder Teile davon), die tats\u00e4chlich defekt sind, nicht funktionieren oder anderweitig eine Verletzung dieser schriftlichen Garantie darstellen, f\u00fcr den Verbraucher kostenlos zu reparieren oder nach eigenem Ermessen entweder das betreffende Produkt oder die betreffenden Produkte (oder Teile davon) innerhalb von acht (8) Wochen nach Erhalt des Produkts durch TABATA USA (oder nach einer angemessenen Anzahl von Versuchen, die drei (3) nicht \u00fcberschreiten darf) zu ersetzen, dann kann der Verbraucher einen kostenlosen Ersatz verlangen, vorausgesetzt, dass als Bedingung f\u00fcr den Ersatz das urspr\u00fcnglich gekaufte Produkt oder die urspr\u00fcnglich gekauften Produkte (oder Teile davon) frei von jeglichen Pfandrechten oder Belastungen an TABATA USA zur\u00fcckgegeben werden m\u00fcssen.<\/p>\n<p>F\u00dcR ALLE R\u00dcCKSENDUNGEN IST EINE R\u00dcCKSENDENUMMER ERFORDERLICH. PAKETE OHNE ORDNUNGSGEM\u00c4SSE GENEHMIGUNG WERDEN ZUR\u00dcCKGEWIESEN.<\/p>\n<p><strong>Garantieanspr\u00fcche sollten vorausbezahlt und mit verfolgbaren Mitteln wie Fed Ex, UPS, USPS an folgende Adresse geschickt werden<\/strong><\/p>\n<p><strong>TABATA USA, 2380 Mira Mar Ave., Long Beach, CA 90815 (Nachnahme wird nicht akzeptiert).<\/strong><\/p>\n<p>Das Unternehmen beh\u00e4lt sich im Rahmen seiner Produktverbesserungspolitik das Recht vor, Konstruktions- oder Designdetails gegen\u00fcber fr\u00fcheren Modellen unverbindlich zu \u00e4ndern und die so ge\u00e4nderten Ger\u00e4te ohne Bezug auf die hier verwendeten Abbildungen oder Spezifikationen zu liefern.<\/p>\n<p><strong>TUSA CARE SUPPORT (800) 521-8872 oder info@tusa.com<\/strong><\/p>\n","protected":false},"excerpt":{"rendered":"<p>TUSA BESCHR\u00c4NKTE GARANTIE &#8211; NUR F\u00dcR U.S.A. KUNDEN &nbsp; Diese Garantie beschr\u00e4nkt die Dauer und ersetzt alle stillschweigenden Garantien oder Garantien, die mit TABATA USA-Produkten verpackt sein k\u00f6nnen. Ansonsten ist TABATA USA bestrebt, die gesetzlichen Mindeststandards f\u00fcr eine vollst\u00e4ndige Garantie gem\u00e4\u00df Federal Warranty Act, Public Law #93-637, vom 4. Januar 1975 zu erf\u00fcllen. GARANTIE: TABATA&hellip;<\/p>\n","protected":false},"author":1,"featured_media":24747,"parent":0,"menu_order":0,"comment_status":"closed","ping_status":"closed","template":"","meta":{"_acf_changed":false,"footnotes":""},"class_list":["post-24746","page","type-page","status-publish","has-post-thumbnail","hentry"],"acf":[],"_links":{"self":[{"href":"https:\/\/tusa.viewsite.link\/de\/wp-json\/wp\/v2\/pages\/24746","targetHints":{"allow":["GET"]}}],"collection":[{"href":"https:\/\/tusa.viewsite.link\/de\/wp-json\/wp\/v2\/pages"}],"about":[{"href":"https:\/\/tusa.viewsite.link\/de\/wp-json\/wp\/v2\/types\/page"}],"author":[{"embeddable":true,"href":"https:\/\/tusa.viewsite.link\/de\/wp-json\/wp\/v2\/users\/1"}],"replies":[{"embeddable":true,"href":"https:\/\/tusa.viewsite.link\/de\/wp-json\/wp\/v2\/comments?post=24746"}],"version-history":[{"count":0,"href":"https:\/\/tusa.viewsite.link\/de\/wp-json\/wp\/v2\/pages\/24746\/revisions"}],"wp:featuredmedia":[{"embeddable":true,"href":"https:\/\/tusa.viewsite.link\/de\/wp-json\/wp\/v2\/media\/24747"}],"wp:attachment":[{"href":"https:\/\/tusa.viewsite.link\/de\/wp-json\/wp\/v2\/media?parent=24746"}],"curies":[{"name":"wp","href":"https:\/\/api.w.org\/{rel}","templated":true}]}}