{"id":24738,"date":"2024-05-31T13:56:50","date_gmt":"2024-05-31T13:56:50","guid":{"rendered":"https:\/\/tusa.viewsite.link\/cookie-richtlinie\/"},"modified":"2024-05-31T13:56:50","modified_gmt":"2024-05-31T13:56:50","slug":"cookie-richtlinie","status":"publish","type":"page","link":"https:\/\/tusa.viewsite.link\/de\/cookie-richtlinie\/","title":{"rendered":"Cookie-Richtlinie"},"content":{"rendered":"<h2>Cookie-Richtlinie<\/h2>\n<p>Tabata USA, Inc. (&#8222;wir&#8220;, &#8222;wir&#8220; oder &#8222;unser&#8220;) verwendet Cookies auf der Website https:\/\/tusa.com (der &#8222;Dienst&#8220;). Indem Sie den Service nutzen, stimmen Sie der Verwendung von Cookies zu. <\/p>\n<p>In unserer Cookie-Richtlinie wird erkl\u00e4rt, was Cookies sind, wie wir Cookies verwenden, wie Dritte, mit denen wir m\u00f6glicherweise zusammenarbeiten, Cookies im Dienst verwenden, welche M\u00f6glichkeiten Sie in Bezug auf Cookies haben und welche weiteren Informationen \u00fcber Cookies es gibt.<\/p>\n<p><strong>Was sind Cookies<\/strong><\/p>\n<p>Cookies sind kleine Textdateien, die von einer von Ihnen besuchten Website an Ihren Webbrowser gesendet werden. Eine Cookie-Datei wird in Ihrem Webbrowser gespeichert und erm\u00f6glicht es dem Dienst oder einem Dritten, Sie zu erkennen und Ihren n\u00e4chsten Besuch zu erleichtern und den Dienst f\u00fcr Sie n\u00fctzlicher zu machen. <\/p>\n<p>Cookies k\u00f6nnen &#8222;permanente&#8220; oder &#8222;Sitzungscookies&#8220; sein. Dauerhafte Cookies verbleiben auf Ihrem Computer oder Mobilger\u00e4t, wenn Sie offline gehen, w\u00e4hrend Sitzungscookies nach 20 Minuten Inaktivit\u00e4t oder nach Verlassen des Dienstes ablaufen. <\/p>\n<p><strong>Wie Tabata USA, Inc. Cookies verwendet<\/strong><\/p>\n<p>Wenn Sie den Service nutzen und darauf zugreifen, k\u00f6nnen wir eine Reihe von Cookies in Ihrem Webbrowser ablegen.<\/p>\n<p>Wir verwenden Cookies f\u00fcr die folgenden Zwecke:<\/p>\n<ul>\n<li>Um bestimmte Funktionen des Dienstes zu erm\u00f6glichen<\/li>\n<li>Um Analysen zu liefern<\/li>\n<\/ul>\n<p>Wir verwenden sowohl Sitzungscookies als auch dauerhafte Cookies f\u00fcr den Dienst und wir verwenden verschiedene Arten von Cookies, um den Dienst zu betreiben:<\/p>\n<p>&nbsp;<\/p>\n<p>Wesentliche Cookies. Wir k\u00f6nnen wesentliche Cookies verwenden, um Benutzer zu authentifizieren und die betr\u00fcgerische Nutzung von Benutzerkonten zu verhindern.<br \/>\nAnalytics-Cookies. Wir k\u00f6nnen Analyse-Cookies verwenden, um Informationen dar\u00fcber zu erhalten, wie der Dienst genutzt wird, damit wir Verbesserungen vornehmen k\u00f6nnen. Wir k\u00f6nnen auch Analyse-Cookies verwenden, um neue Anzeigen, Seiten, Features oder neue Funktionen des Dienstes zu testen, um zu sehen, wie unsere Benutzer darauf reagieren.   <\/p>\n<p>&nbsp;<\/p>\n<p><strong>Cookies von Dritten<\/strong><\/p>\n<p>Zus\u00e4tzlich zu unseren eigenen Cookies k\u00f6nnen wir auch verschiedene Cookies von Drittanbietern verwenden, um Nutzungsstatistiken des Dienstes zu erstellen, Werbung im und \u00fcber den Dienst zu schalten und so weiter.<\/p>\n<p><strong>Welche M\u00f6glichkeiten haben Sie in Bezug auf Cookies?<\/strong><\/p>\n<p>Wenn Sie Cookies l\u00f6schen m\u00f6chten oder Ihren Webbrowser anweisen m\u00f6chten, Cookies zu l\u00f6schen oder abzulehnen, besuchen Sie bitte die Hilfeseiten Ihres Webbrowsers.<\/p>\n<p>Bitte beachten Sie jedoch, dass Sie, wenn Sie Cookies l\u00f6schen oder ablehnen, m\u00f6glicherweise nicht alle von uns angebotenen Funktionen nutzen k\u00f6nnen, dass Sie Ihre Einstellungen nicht speichern k\u00f6nnen und dass einige unserer Seiten m\u00f6glicherweise nicht richtig angezeigt werden.<\/p>\n<p>F\u00fcr den Webbrowser Chrome besuchen Sie bitte diese Seite von Google: <a href=\"https:\/\/support.google.com\/accounts\/answer\/32050\">https:\/\/support.google.com\/accounts\/answer\/32050<\/a><\/p>\n<p>F\u00fcr den Internet Explorer Webbrowser besuchen Sie bitte diese Seite von Microsoft: <a href=\"http:\/\/support.microsoft.com\/kb\/278835\">http:\/\/support.microsoft.com\/kb\/278835<\/a><\/p>\n<p>F\u00fcr den Firefox-Webbrowser besuchen Sie bitte diese Seite von Mozilla: https:\/\/support.mozilla.org\/en-US\/kb\/delete-cookies-remove-info-websites-stored<\/p>\n<p>F\u00fcr den Safari-Webbrowser besuchen Sie bitte diese Seite von Apple: https:\/\/support.apple.com\/kb\/PH21411?locale=en_US<\/p>\n<p>F\u00fcr jeden anderen Webbrowser besuchen Sie bitte die offiziellen Webseiten Ihres Webbrowsers.<\/p>\n<p><strong>Wo finden Sie weitere Informationen \u00fcber Cookies<\/strong><br \/>\nSie k\u00f6nnen mehr \u00fcber Cookies und die folgenden Websites Dritter erfahren:<\/p>\n<p>AllAboutCookies: <a href=\"http:\/\/www.allaboutcookies.org\/\">http:\/\/www.allaboutcookies.org\/<\/a><\/p>\n<p>Initiative f\u00fcr Netzwerkwerbung: <a href=\"http:\/\/www.networkadvertising.org\/\">http:\/\/www.networkadvertising.org\/<\/a><\/p>\n","protected":false},"excerpt":{"rendered":"<p>Cookie-Richtlinie Tabata USA, Inc. (&#8222;wir&#8220;, &#8222;wir&#8220; oder &#8222;unser&#8220;) verwendet Cookies auf der Website https:\/\/tusa.com (der &#8222;Dienst&#8220;). Indem Sie den Service nutzen, stimmen Sie der Verwendung von Cookies zu. In unserer Cookie-Richtlinie wird erkl\u00e4rt, was Cookies sind, wie wir Cookies verwenden, wie Dritte, mit denen wir m\u00f6glicherweise zusammenarbeiten, Cookies im Dienst verwenden, welche M\u00f6glichkeiten Sie in&hellip;<\/p>\n","protected":false},"author":1,"featured_media":24739,"parent":0,"menu_order":0,"comment_status":"closed","ping_status":"closed","template":"","meta":{"_acf_changed":false,"footnotes":""},"class_list":["post-24738","page","type-page","status-publish","has-post-thumbnail","hentry"],"acf":[],"_links":{"self":[{"href":"https:\/\/tusa.viewsite.link\/de\/wp-json\/wp\/v2\/pages\/24738","targetHints":{"allow":["GET"]}}],"collection":[{"href":"https:\/\/tusa.viewsite.link\/de\/wp-json\/wp\/v2\/pages"}],"about":[{"href":"https:\/\/tusa.viewsite.link\/de\/wp-json\/wp\/v2\/types\/page"}],"author":[{"embeddable":true,"href":"https:\/\/tusa.viewsite.link\/de\/wp-json\/wp\/v2\/users\/1"}],"replies":[{"embeddable":true,"href":"https:\/\/tusa.viewsite.link\/de\/wp-json\/wp\/v2\/comments?post=24738"}],"version-history":[{"count":0,"href":"https:\/\/tusa.viewsite.link\/de\/wp-json\/wp\/v2\/pages\/24738\/revisions"}],"wp:featuredmedia":[{"embeddable":true,"href":"https:\/\/tusa.viewsite.link\/de\/wp-json\/wp\/v2\/media\/24739"}],"wp:attachment":[{"href":"https:\/\/tusa.viewsite.link\/de\/wp-json\/wp\/v2\/media?parent=24738"}],"curies":[{"name":"wp","href":"https:\/\/api.w.org\/{rel}","templated":true}]}}