{"id":24709,"date":"2024-08-13T13:06:20","date_gmt":"2024-08-13T13:06:20","guid":{"rendered":"https:\/\/tusa.viewsite.link\/produkt-seriennummern\/"},"modified":"2024-08-13T13:06:20","modified_gmt":"2024-08-13T13:06:20","slug":"produkt-seriennummern","status":"publish","type":"page","link":"https:\/\/tusa.viewsite.link\/de\/produkt-seriennummern\/","title":{"rendered":"Produkt-Seriennummern"},"content":{"rendered":"<h3 class=\"heading-primary mb-none\">So finden Sie die Seriennummern von Produkten<\/h3>\n<p><strong>Kurze Beispiele, wo Sie die Seriennummern von TUSA-Produkten finden k\u00f6nnen<\/strong><\/p>\n<p><b>Masken, Schnorchel, Flossen, Messer, Stiefel, Handschuhe, Lichter:<\/b><br \/>\nDiese Produkte sind nicht serialisiert und m\u00fcssen nicht registriert werden. Wir empfehlen Ihnen, Ihren Original-Kaufbeleg als Kaufnachweis oder f\u00fcr sp\u00e4tere Nachfragen aufzubewahren, falls erforderlich. <\/p>\n<p><strong>Instrumente:<br \/>\n<\/strong>Die Seriennummern der Instrumente finden Sie in der Regel an drei (3) Stellen:<br \/>\n1) Auf der Originalverpackung, die sich auf der Au\u00dfenseite des Kartons befindet:<\/p>\n<p><img decoding=\"async\" src=\"https:\/\/tusa.com\/contentimages\/IQBOX.jpg\" alt=\"\"><\/p>\n<p>2) Der Geh\u00e4useboden des Moduls (Aufkleber und Hei\u00dfpr\u00e4gung):<\/p>\n<p><img decoding=\"async\" src=\"https:\/\/tusa.com\/contentimages\/IQ.jpg\" alt=\"\">  <img decoding=\"async\" src=\"https:\/\/tusa.com\/contentimages\/IQ3.jpg\" alt=\"\"><\/p>\n<p>3) Im Ger\u00e4t programmiert. Bitte lesen Sie im Benutzerhandbuch Ihres Produkts nach, wie Sie Ihre IQ-Seriennummer auf dem Bildschirm finden: <\/p>\n<p><img decoding=\"async\" src=\"https:\/\/tusa.com\/contentimages\/IQ2.jpg\" alt=\"\"><\/p>\n<p><strong>Atemregler:<br \/>\n<\/strong>Die Seriennummern der ersten (1.) und zweiten (2.) Stufe k\u00f6nnen registriert werden, es wird jedoch nur die Seriennummer der zweiten (2.) Stufe ben\u00f6tigt.<br \/>\nDie Seriennummer des Atemreglers ist an drei (3) m\u00f6glichen Stellen zu finden:<br \/>\n1) Die Originalverpackung: Auf der Au\u00dfenseite des Kartons auf einem silbernen Aufkleber und auf einer gestempelten Garantiekarteneinlage (nicht bei allen Modellen):<\/p>\n<p><img decoding=\"async\" src=\"https:\/\/tusa.com\/contentimages\/REG.jpg\" alt=\"\"><\/p>\n<p>2) Das Geh\u00e4use der zweiten (2.) Stufe, das sich unten am Auspuff-T-St\u00fcck befindet (alle Modelle):<\/p>\n<p><img decoding=\"async\" src=\"https:\/\/tusa.com\/contentimages\/REG2.jpg\" alt=\"\"><\/p>\n<p>3) Das Geh\u00e4use der ersten (1.) Stufe (alle Modelle):<\/p>\n<p><img decoding=\"async\" src=\"https:\/\/tusa.com\/contentimages\/reg3.jpg\" alt=\"\"><\/p>\n<p><strong>BCJs:<br \/>\n<\/strong>Die Seriennummern der aktuellen BCJ-Modelle finden Sie an zwei (2) m\u00f6glichen Stellen. Sie befinden sich jeweils auf einem schwarzen Kunststoffanh\u00e4nger, der am BCJ befestigt ist:<br \/>\n1) Hinter der linken Seitentasche (bei den meisten Modellen im Jackenstil):<\/p>\n<p><img decoding=\"async\" src=\"https:\/\/tusa.com\/contentimages\/BCJ.jpg\" alt=\"\"><\/p>\n<p>2) Unterhalb der Klettverschlusslasche des R\u00fcckenpolsters (bei Modellen, die sich hinten aufblasen lassen, wie z.B. BCJ-6900\/6910):<\/p>\n<p><img decoding=\"async\" src=\"https:\/\/tusa.com\/contentimages\/BCJ2.jpg\" alt=\"\"><\/p>\n<p>Wenn Sie weitere Fragen haben, wenden Sie sich bitte an Ihren TUSA-H\u00e4ndler oder Ihr regionales TUSA-B\u00fcro.<\/p>\n","protected":false},"excerpt":{"rendered":"<p>So finden Sie die Seriennummern von Produkten Kurze Beispiele, wo Sie die Seriennummern von TUSA-Produkten finden k\u00f6nnen Masken, Schnorchel, Flossen, Messer, Stiefel, Handschuhe, Lichter: Diese Produkte sind nicht serialisiert und m\u00fcssen nicht registriert werden. Wir empfehlen Ihnen, Ihren Original-Kaufbeleg als Kaufnachweis oder f\u00fcr sp\u00e4tere Nachfragen aufzubewahren, falls erforderlich. Instrumente: Die Seriennummern der Instrumente finden Sie&hellip;<\/p>\n","protected":false},"author":1,"featured_media":24711,"parent":0,"menu_order":0,"comment_status":"closed","ping_status":"closed","template":"","meta":{"_acf_changed":false,"footnotes":""},"class_list":["post-24709","page","type-page","status-publish","has-post-thumbnail","hentry"],"acf":[],"_links":{"self":[{"href":"https:\/\/tusa.viewsite.link\/de\/wp-json\/wp\/v2\/pages\/24709","targetHints":{"allow":["GET"]}}],"collection":[{"href":"https:\/\/tusa.viewsite.link\/de\/wp-json\/wp\/v2\/pages"}],"about":[{"href":"https:\/\/tusa.viewsite.link\/de\/wp-json\/wp\/v2\/types\/page"}],"author":[{"embeddable":true,"href":"https:\/\/tusa.viewsite.link\/de\/wp-json\/wp\/v2\/users\/1"}],"replies":[{"embeddable":true,"href":"https:\/\/tusa.viewsite.link\/de\/wp-json\/wp\/v2\/comments?post=24709"}],"version-history":[{"count":0,"href":"https:\/\/tusa.viewsite.link\/de\/wp-json\/wp\/v2\/pages\/24709\/revisions"}],"wp:featuredmedia":[{"embeddable":true,"href":"https:\/\/tusa.viewsite.link\/de\/wp-json\/wp\/v2\/media\/24711"}],"wp:attachment":[{"href":"https:\/\/tusa.viewsite.link\/de\/wp-json\/wp\/v2\/media?parent=24709"}],"curies":[{"name":"wp","href":"https:\/\/api.w.org\/{rel}","templated":true}]}}