{"id":24688,"date":"2024-05-31T13:49:44","date_gmt":"2024-05-31T13:49:44","guid":{"rendered":"https:\/\/tusa.viewsite.link\/kalifornisches-gesetz-ueber-die-transparenz-in-den-lieferketten\/"},"modified":"2024-05-31T13:49:44","modified_gmt":"2024-05-31T13:49:44","slug":"kalifornisches-gesetz-ueber-die-transparenz-in-den-lieferketten","status":"publish","type":"page","link":"https:\/\/tusa.viewsite.link\/de\/kalifornisches-gesetz-ueber-die-transparenz-in-den-lieferketten\/","title":{"rendered":"Kalifornisches Gesetz \u00fcber die Transparenz in den Lieferketten"},"content":{"rendered":"<h2>Kalifornisches Gesetz \u00fcber die Transparenz in den Lieferketten<\/h2>\n<p>Der California Transparency in Supply Chains Act (SB 657) verlangt von Einzelh\u00e4ndlern und Herstellern, die in Kalifornien t\u00e4tig sind, ab einer bestimmten Gr\u00f6\u00dfe, die Einhaltung der Vorschriften dieser Legislaturperiode offenzulegen.<\/p>\n<p><strong>\u00dcberpr\u00fcfung von Lieferketten<\/strong><\/p>\n<p>Tabata setzt sich f\u00fcr faire Arbeitspraktiken in allen Bereichen seiner Lieferkette ein. Da wir die meisten unserer Produkte selbst herstellen, sind wir in der Lage, alle Arbeitspraktiken in unseren verschiedenen ISO 9001-zertifizierten Produktionsst\u00e4tten genau zu \u00fcberwachen, zu bewerten und festzulegen, um sicherzustellen, dass es in unseren Betrieben keine Verst\u00f6\u00dfe gegen die Menschenrechte gibt. <\/p>\n<p><strong>Audits<\/strong><\/p>\n<p>F\u00fcr den kleinen Teil der Produkte, die von Drittanbietern hergestellt werden, \u00fcberpr\u00fcfen die Tabata-Beauftragten jede Einrichtung durch einen pers\u00f6nlichen Besuch vor und w\u00e4hrend der Gesch\u00e4ftsabwicklung. Wir stellen sicher, dass alle Produktionsst\u00e4tten mit den lokalen Arbeitspraktiken \u00fcbereinstimmen und dass innerhalb der Lieferkette keine Menschenrechtsverletzungen vorliegen. <\/p>\n<p><strong>Zertifizierung<\/strong><\/p>\n<p>Die Standard-Gesch\u00e4ftsbedingungen von Tabata verlangen, dass alle Verk\u00e4ufer die geltenden Gesetze einhalten, einschlie\u00dflich der Gesetze gegen Sklaverei und\/oder Menschenhandel. Interne Rechenschaftspflicht Tabata verlangt von allen Mitarbeitern, Subunternehmern und Verk\u00e4ufern die Einhaltung der Standards und Grunds\u00e4tze, die im Verhaltenskodex von Tabata sowie im Verhaltenskodex der EICC enthalten sind. Verst\u00f6\u00dfe gegen diese Richtlinien k\u00f6nnen zur K\u00fcndigung des Arbeitsverh\u00e4ltnisses oder zur Beendigung der Gesch\u00e4ftsbeziehung f\u00fchren.  <\/p>\n<p><strong>Ausbildung<\/strong><\/p>\n<p>Alle Manager, Direktoren und Mitarbeiter von Tabata, die direkt f\u00fcr das Management der Lieferketten verantwortlich sind, werden mit den richtigen Informationen versorgt, um die Compliance-Richtlinien einzuhalten, und sind verpflichtet, alle Aspekte der Richtlinien zu \u00fcberpr\u00fcfen und zu verstehen, um sie ordnungsgem\u00e4\u00df einzuhalten.<\/p>\n","protected":false},"excerpt":{"rendered":"<p>Kalifornisches Gesetz \u00fcber die Transparenz in den Lieferketten Der California Transparency in Supply Chains Act (SB 657) verlangt von Einzelh\u00e4ndlern und Herstellern, die in Kalifornien t\u00e4tig sind, ab einer bestimmten Gr\u00f6\u00dfe, die Einhaltung der Vorschriften dieser Legislaturperiode offenzulegen. \u00dcberpr\u00fcfung von Lieferketten Tabata setzt sich f\u00fcr faire Arbeitspraktiken in allen Bereichen seiner Lieferkette ein. Da wir&hellip;<\/p>\n","protected":false},"author":1,"featured_media":24689,"parent":0,"menu_order":0,"comment_status":"closed","ping_status":"closed","template":"","meta":{"_acf_changed":false,"footnotes":""},"class_list":["post-24688","page","type-page","status-publish","has-post-thumbnail","hentry"],"acf":[],"_links":{"self":[{"href":"https:\/\/tusa.viewsite.link\/de\/wp-json\/wp\/v2\/pages\/24688","targetHints":{"allow":["GET"]}}],"collection":[{"href":"https:\/\/tusa.viewsite.link\/de\/wp-json\/wp\/v2\/pages"}],"about":[{"href":"https:\/\/tusa.viewsite.link\/de\/wp-json\/wp\/v2\/types\/page"}],"author":[{"embeddable":true,"href":"https:\/\/tusa.viewsite.link\/de\/wp-json\/wp\/v2\/users\/1"}],"replies":[{"embeddable":true,"href":"https:\/\/tusa.viewsite.link\/de\/wp-json\/wp\/v2\/comments?post=24688"}],"version-history":[{"count":0,"href":"https:\/\/tusa.viewsite.link\/de\/wp-json\/wp\/v2\/pages\/24688\/revisions"}],"wp:featuredmedia":[{"embeddable":true,"href":"https:\/\/tusa.viewsite.link\/de\/wp-json\/wp\/v2\/media\/24689"}],"wp:attachment":[{"href":"https:\/\/tusa.viewsite.link\/de\/wp-json\/wp\/v2\/media?parent=24688"}],"curies":[{"name":"wp","href":"https:\/\/api.w.org\/{rel}","templated":true}]}}