{"id":23039,"date":"2024-08-13T13:14:27","date_gmt":"2024-08-13T13:14:27","guid":{"rendered":"https:\/\/tusa.viewsite.link\/software\/"},"modified":"2024-08-13T13:14:27","modified_gmt":"2024-08-13T13:14:27","slug":"software","status":"publish","type":"page","link":"https:\/\/tusa.viewsite.link\/de\/software\/","title":{"rendered":"Software"},"content":{"rendered":"<h3 class=\"heading-primary mb-none\">PC Software Downloads<\/h3>\n<p><strong>IQ1204 App &#8211; Diving LOG (f\u00fcr Smartphone)<\/strong><br \/>\nAndroid: <a href=\"https:\/\/play.google.com\/store\/apps\/details?id=jp.tabata.divinglog\" target=\"_blank\" rel=\"noopener\">TUSA Diving LOG App<\/a> (erfordert Android 5.1 oder h\u00f6her)<br \/>\niOS: <a href=\"https:\/\/itunes.apple.com\/us\/app\/diving-log\/id1091064630\" target=\"_blank\" rel=\"noopener\">TUSA Diving LOG App<\/a> (erfordert iOS 12.4 oder neuer)<\/p>\n<p><strong>IQ-750, 900, 950, 1201 PC-Software &#8211; DataLog (f\u00fcr Windows)<\/strong><br \/>\n<a href=\"https:\/\/tusa.com\/contentdocuments\/TUSA-DATALOG_1.0.9.zip\" target=\"_blank\" rel=\"noopener\">TUSA DataLog Software 1.0.9 Komplett (.zip Datei, 31mb)<\/a><\/p>\n<p><strong>USB-Treiber &#8211; DataLog (im vollst\u00e4ndigen Download oben enthalten)<\/strong><br \/>\n<a href=\"https:\/\/tusa.com\/contentdocuments\/DATALOG_DRIVERS_2K.zip\" target=\"_blank\" rel=\"noopener\">USB-Treiber Windows 2000 (.zip-Datei, 1.2mb)<br \/>\n<\/a><a href=\"https:\/\/tusa.com\/contentdocuments\/DATALOG_DRIVERS_X32.zip\" target=\"_blank\" rel=\"noopener\">USB-Treiber Windows x32 bit XP\/Vista\/7\/8\/8.1 (.zip-Datei, 3,2 MB)<br \/>\n<\/a><a href=\"https:\/\/tusa.com\/contentdocuments\/DATALOG_DRIVERS_X64.zip\" target=\"_blank\" rel=\"noopener\">USB-Treiber Windows x64 bit XP\/Vista\/7\/8\/8.1 (.zip-Datei, 3,2 MB)<\/a><\/p>\n<p><strong>IQ-750, 900, 950, 1201 PC Software &#8211; DiverLog (f\u00fcr Mac)<\/strong><br \/>\n<a href=\"https:\/\/itunes.apple.com\/us\/app\/diverlog-lite\/id540107482?ls=1&amp;mt=12\" target=\"_blank\" rel=\"noopener\">DiverLog Software &#8211; LITE<\/a> &#8211; <a href=\"https:\/\/itunes.apple.com\/us\/app\/diverlog\/id555322971?ls=1&amp;mt=12\" target=\"_blank\" rel=\"noopener\">DiverLog Software &#8211; FULL<\/a> (erfordert Mac OSX v10.6 oder h\u00f6her)<\/p>\n<p><strong>IQ-750, 900, 950, 1201 App &#8211; DiverLog (f\u00fcr Smartphone\/Tablet)<\/strong><br \/>\niOS: <a href=\"https:\/\/itunes.apple.com\/us\/app\/diverlog-lite\/id1091923188\" target=\"_blank\" rel=\"noopener\">DiverLog App &#8211; LITE<\/a> &#8211; <a href=\"https:\/\/itunes.apple.com\/us\/app\/diverlog\/id683518274\" target=\"_blank\" rel=\"noopener\">DiverLog App &#8211; FULL<\/a><\/p>\n<p>*Benutzerhandb\u00fccher, Anleitungen zur Fehlerbehebung und Installationsanweisungen finden Sie im Abschnitt &#8222;Hilfe&#8220; der Anwendungen oder in den .zip-Downloaddateien.<br \/>\n*PC-Software erfordert ein separat erh\u00e4ltliches USB-Kabel, das Sie bei Ihrem <a href=\"https:\/\/tusa.com\/%5Breglan%5D\/find_a_dealer\">TUSA-H\u00e4ndler<\/a> erwerben k\u00f6nnen.<\/p>\n<p><strong>IQ-700, 800, 850 PC Software &#8211; DiveLogBook<br \/>\n<\/strong><a href=\"https:\/\/tusa.com\/contentdocuments\/TUSA-DIVELOGBOOK_1.113.zip\" target=\"_blank\" rel=\"noopener\">TUSA DiveLogBook Software 1.113 &#8211; Windows 2000-XP\/Vista x32bit\/Windows 7 (.zip Datei, 68mb)<\/a><\/p>\n<p>*Bitte beachten Sie: Vista x64bit wird nicht unterst\u00fctzt. Aktuelle Benutzer von TUSA PCLogBook v4.0 k\u00f6nnen bestehende Logbuchdaten nicht auf die neue DiveLogBook Software \u00fcbertragen. Um PCLogbook v4.0 herunterzuladen, klicken Sie bitte <a href=\"https:\/\/tusa.com\/contentdocuments\/PCLogBook4E.zip\" target=\"_blank\" rel=\"noopener\">HIER<\/a>.  <\/p>\n","protected":false},"excerpt":{"rendered":"<p>PC Software Downloads IQ1204 App &#8211; Diving LOG (f\u00fcr Smartphone) Android: TUSA Diving LOG App (erfordert Android 5.1 oder h\u00f6her) iOS: TUSA Diving LOG App (erfordert iOS 12.4 oder neuer) IQ-750, 900, 950, 1201 PC-Software &#8211; DataLog (f\u00fcr Windows) TUSA DataLog Software 1.0.9 Komplett (.zip Datei, 31mb) USB-Treiber &#8211; DataLog (im vollst\u00e4ndigen Download oben enthalten)&hellip;<\/p>\n","protected":false},"author":1,"featured_media":23040,"parent":0,"menu_order":0,"comment_status":"closed","ping_status":"closed","template":"","meta":{"_acf_changed":false,"footnotes":""},"class_list":["post-23039","page","type-page","status-publish","has-post-thumbnail","hentry"],"acf":[],"_links":{"self":[{"href":"https:\/\/tusa.viewsite.link\/de\/wp-json\/wp\/v2\/pages\/23039","targetHints":{"allow":["GET"]}}],"collection":[{"href":"https:\/\/tusa.viewsite.link\/de\/wp-json\/wp\/v2\/pages"}],"about":[{"href":"https:\/\/tusa.viewsite.link\/de\/wp-json\/wp\/v2\/types\/page"}],"author":[{"embeddable":true,"href":"https:\/\/tusa.viewsite.link\/de\/wp-json\/wp\/v2\/users\/1"}],"replies":[{"embeddable":true,"href":"https:\/\/tusa.viewsite.link\/de\/wp-json\/wp\/v2\/comments?post=23039"}],"version-history":[{"count":0,"href":"https:\/\/tusa.viewsite.link\/de\/wp-json\/wp\/v2\/pages\/23039\/revisions"}],"wp:featuredmedia":[{"embeddable":true,"href":"https:\/\/tusa.viewsite.link\/de\/wp-json\/wp\/v2\/media\/23040"}],"wp:attachment":[{"href":"https:\/\/tusa.viewsite.link\/de\/wp-json\/wp\/v2\/media?parent=23039"}],"curies":[{"name":"wp","href":"https:\/\/api.w.org\/{rel}","templated":true}]}}